{"id":10,"date":"2021-02-11T17:39:18","date_gmt":"2021-02-11T16:39:18","guid":{"rendered":"http:\/\/o-design.cz\/mlinen\/?page_id=10"},"modified":"2021-02-16T22:06:44","modified_gmt":"2021-02-16T21:06:44","slug":"kontakt","status":"publish","type":"page","link":"http:\/\/o-design.cz\/mlinen\/kontakt\/","title":{"rendered":"Kontakt"},"content":{"rendered":"<h1>Kontaktn\u00ed informace firmy Mline<\/h1>\n<div class=\"row kontakty\">\n<h2><span class=\"zavorka\">[ <\/span>Prodejna vestav\u011bn\u00fdch sk\u0159\u00edn\u00ed<span class=\"zavorka\"> ]<\/span><\/h2>\n<p style=\"padding-left: 15px;\">\n\tProdejna vestav\u011bn\u00fdch sk\u0159\u00edn\u00ed se nach\u00e1z\u00ed ve Vizovic\u00edch, v are\u00e1lu firmy.\n\t<\/p>\n<p style=\"padding-left: 15px;\">\n\tAdresa: <b>\u0158\u00ed\u010dansk\u00e1 1178\/3A, Vizovice 763 12<\/b><br \/>\n\totev\u00edrac\u00ed doba: <b>Po \u2013 \u010ct 8.00 &#8211; 16.00, P\u00e1 8.00 &#8211; 15.00<\/b><br \/>\n\tV jinou dobu po telefonick\u00e9 dohod\u011b.\n\t<\/p>\n<div class=\"col-sm-4\">\n<h2><span class=\"zavorka\">[ <\/span>Odborn\u00fd z\u00e1vod<span class=\"zavorka\"> ]<\/span><\/h2>\n<p>\t\t<strong>Pavel \u017d\u016frek \u2013 Mline<\/strong><br \/>\n\t\t\u0158\u00ed\u010dansk\u00e1 1178\/3A<br \/>\n\t\t763 12 &nbsp;Vizovice\n\t<\/div>\n<div class=\"col-sm-4\">\n<h2><span class=\"zavorka\">[ <\/span>S\u00eddlo firmy<span class=\"zavorka\"> ]<\/span><\/h2>\n<p>\t\tPavel \u017d\u016frek \u2013 Mline<br \/>\n\t\tD\u011blnick\u00e1 1310<br \/>\n\t\t763 12 &nbsp;Vizovice\n\t<\/div>\n<div class=\"col-sm-4\">\n<h2><span class=\"zavorka\">[ <\/span>Dal\u0161\u00ed \u00fadaje<span class=\"zavorka\"> ]<\/span><\/h2>\n<p>\t\tI\u010cO: 666 00 413<br \/>\n\t\tDI\u010c: CZ 7511254410\n\t<\/div>\n<\/div>\n<div class=\"row kontakty\">\n<div class=\"col-sm-4\">\n<h2><span class=\"zavorka\">[ <\/span>Internet<span class=\"zavorka\"> ]<\/span><\/h2>\n<p>\t\tURL:<br \/>\n\t\t&nbsp; <a href=\"http:\/\/www.mline.cz\">http:\/\/www.mline.cz<\/a><br \/>\n\t\tEmail:<br \/>\n\t\t&nbsp; <a href=\"mailto:info@mline.cz\">info@mline.cz<\/a>\n\t<\/div>\n<div class=\"col-sm-4\">\n<h2><span class=\"zavorka\">[ <\/span>Telefony<span class=\"zavorka\"> ]<\/span><\/h2>\n<p>\t\tbezplatn\u00e1 linka:<br \/> <br \/>\n\t\t<img decoding=\"async\" alt=\"bezplatn\u00e1 linka Mline\" src=\"http:\/\/www.o-design.cz\/mlinen\/wp-content\/uploads\/img\/web-picts\/bezplatna-linka.png\" \/><br \/>\n\t\ttel.: <br \/>\n\t\t&nbsp; +420 571 891 925 <br \/>\n\t\tGSM:<br \/>\n\t\t&nbsp; +420 603 536 649<br \/>\n\t\tFax:<br \/>\n\t\t&nbsp; +420 571 891 924\n\t<\/div>\n<div class=\"col-sm-4\">\n<h2><span class=\"zavorka\">[ <\/span>Zobrazen\u00ed na map\u011b<span class=\"zavorka\"> ]<\/span><\/h2>\n<p>\t\t<iframe loading=\"lazy\" src=\"https:\/\/www.google.com\/maps\/embed?pb=!1m18!1m12!1m3!1d4226.910037090728!2d17.863585476521784!3d49.21218945964867!2m3!1f0!2f0!3f0!3m2!1i1024!2i768!4f13.1!3m3!1m2!1s0x471377480ac51e4f%3A0x62be28e5fca25182!2zVmVzdGF2xJtuw6kgc2vFmcOtbsSbIC0gTWxpbmU!5e1!3m2!1scs!2scz!4v1456493028445\" width=\"330\" height=\"300\" frameborder=\"0\" style=\"border:0\" allowfullscreen><\/iframe>\t<\/div>\n<\/div>\n","protected":false},"excerpt":{"rendered":"<p>Kontaktn\u00ed informace firmy Mline [ Prodejna vestav\u011bn\u00fdch sk\u0159\u00edn\u00ed ] Prodejna vestav\u011bn\u00fdch sk\u0159\u00edn\u00ed se nach\u00e1z\u00ed ve Vizovic\u00edch, v are\u00e1lu firmy. Adresa: \u0158\u00ed\u010dansk\u00e1 1178\/3A, Vizovice 763 12 otev\u00edrac\u00ed doba: Po \u2013 \u010ct 8.00 &#8211; 16.00, P\u00e1 8.00 &#8211; 15.00 V jinou dobu po telefonick\u00e9 dohod\u011b. [ Odborn\u00fd z\u00e1vod ] Pavel \u017d\u016frek \u2013 Mline \u0158\u00ed\u010dansk\u00e1 1178\/3A 763 12 &hellip; <\/p>\n<p class=\"link-more\"><a href=\"http:\/\/o-design.cz\/mlinen\/kontakt\/\" class=\"more-link\">Pokra\u010dovat ve \u010dten\u00ed<span class=\"screen-reader-text\"> &#8222;Kontakt&#8220;<\/span><\/a><\/p>\n","protected":false},"author":1,"featured_media":0,"parent":0,"menu_order":0,"comment_status":"closed","ping_status":"closed","template":"","meta":{"ngg_post_thumbnail":0,"footnotes":""},"class_list":["post-10","page","type-page","status-publish","hentry"],"_links":{"self":[{"href":"http:\/\/o-design.cz\/mlinen\/wp-json\/wp\/v2\/pages\/10","targetHints":{"allow":["GET"]}}],"collection":[{"href":"http:\/\/o-design.cz\/mlinen\/wp-json\/wp\/v2\/pages"}],"about":[{"href":"http:\/\/o-design.cz\/mlinen\/wp-json\/wp\/v2\/types\/page"}],"author":[{"embeddable":true,"href":"http:\/\/o-design.cz\/mlinen\/wp-json\/wp\/v2\/users\/1"}],"replies":[{"embeddable":true,"href":"http:\/\/o-design.cz\/mlinen\/wp-json\/wp\/v2\/comments?post=10"}],"version-history":[{"count":10,"href":"http:\/\/o-design.cz\/mlinen\/wp-json\/wp\/v2\/pages\/10\/revisions"}],"predecessor-version":[{"id":206,"href":"http:\/\/o-design.cz\/mlinen\/wp-json\/wp\/v2\/pages\/10\/revisions\/206"}],"wp:attachment":[{"href":"http:\/\/o-design.cz\/mlinen\/wp-json\/wp\/v2\/media?parent=10"}],"curies":[{"name":"wp","href":"https:\/\/api.w.org\/{rel}","templated":true}]}}