{"id":52,"date":"2021-02-15T10:26:39","date_gmt":"2021-02-15T09:26:39","guid":{"rendered":"http:\/\/o-design.cz\/mlinen\/?page_id=52"},"modified":"2021-02-16T17:18:00","modified_gmt":"2021-02-16T16:18:00","slug":"zakazkova-vyroba","status":"publish","type":"page","link":"http:\/\/o-design.cz\/mlinen\/zakazkova-vyroba\/","title":{"rendered":"ZAK\u00c1ZKOV\u00c1 V\u00ddROBA"},"content":{"rendered":"<h1>Zak\u00e1zkov\u00e1 v\u00fdroba posuvn\u00fdch dve\u0159\u00ed<\/h1>\n<h2><span class=\"zavorka\">[ <\/span>Pro\u010d hotov\u00e9 dve\u0159e?<span class=\"zavorka\"> ]<\/span><\/h2>\n<p>\nNa\u0161im z\u00e1kazn\u00edk\u016fm nab\u00edz\u00edme <strong>kvalitn\u00ed, rychlou a bezprobl\u00e9movou dod\u00e1vku, kter\u00e1 u\u0161et\u0159\u00ed \u010das, probl\u00e9my s technickou a p\u0159edv\u00fdrobn\u00ed<br \/>\np\u0159\u00edpravou<\/strong>.<br \/>\nUmo\u017e\u0148uje splnit po\u017eadavky n\u00e1ro\u010dn\u00fdch z\u00e1kazn\u00edk\u016f, a to v\u0161e <strong>za p\u0159ijatelnou cenu a s garanc\u00ed z\u00e1ruky<\/strong>.\n<\/p>\n<ul class=\"heslaUl\">\n<li>\u0161et\u0159\u00edme v\u00e1\u0161 \u010das<\/li>\n<li>\u0161et\u0159\u00edme va\u0161e pen\u00edze<\/li>\n<li>dod\u00e1v\u00e1me profesion\u00e1ln\u00ed v\u00fdrobek<\/li>\n<li>zv\u00fd\u0161en\u00ed efektivnosti va\u0161\u00ed v\u00fdroby &#8211; pouze objedn\u00e1te<\/li>\n<li>neseme z\u00e1ruku na v\u00fdrobek<\/li>\n<li>levn\u00e1 doprava na\u0161imi auty<\/li>\n<\/ul>\n<p>\nNa z\u00e1klad\u011b va\u0161\u00ed specifikace od n\u00e1s obdr\u017e\u00edte <strong>rychlou a p\u0159ehlednou cenovou nab\u00eddku<\/strong>, pop\u0159\u00edpad\u011b p\u0159edv\u00fdrobn\u00ed <b>bezplatnou<\/b> konzultaci<br \/>\nna tel.<b>800 770 880<\/b>.\n<\/p>\n<p>\n<strong>Vyroben\u00e9 dve\u0159e, p\u0159ipraven\u00e9 k rychl\u00e9 a snadn\u00e9 mont\u00e1\u017ei<\/strong>, v\u00e1m p\u0159ivezeme pe\u010dliv\u011b zabalen\u00e9 na\u0161\u00ed dopravou.\n<\/p>\n<p>\nTerm\u00edn <strong>dod\u00e1n\u00ed je cca 10 dn\u016f<\/strong> od potvrzen\u00ed objedn\u00e1vky. Dve\u0159e rozv\u00e1\u017e\u00edme <strong>po cel\u00e9 republice<\/strong>.\n<\/p>\n<p>\nV\u00edme, \u017ee v\u00e1m tak <strong>\u0161et\u0159\u00edme \u010das a n\u00e1klady<\/strong>, co\u017e vede k v\u011bt\u0161\u00ed efektivnosti va\u0161\u00ed v\u00fdroby.\n<\/p>\n<p>\nNa\u0161\u00ed referenc\u00ed je <strong>v\u00edce ne\u017e 50 000 vyroben\u00fdch dve\u0159\u00ed<\/strong>.\n<\/p>\n<p>\nSamoz\u0159ejmost\u00ed je bezplatn\u00e9 poradenstv\u00ed a individu\u00e1ln\u00ed p\u0159\u00edstup.\n<\/p>\n<h2><span class=\"zavorka\">[ <\/span>Kvalita a z\u00e1ruka na posuvn\u00e9 dve\u0159e<span class=\"zavorka\"> ]<\/span><\/h2>\n<p>\n<strong>Posuvn\u00e9 dve\u0159e jsou vyr\u00e1b\u011bny v \u010cesk\u00e9 republice, z\u00e1vod Vizovice.<\/strong>\n<\/p>\n<p>\n<strong>Pr\u016fb\u011b\u017en\u00e1 kontrola kvality<\/strong> zaji\u0161\u0165uje minimum reklamac\u00ed a \u0161et\u0159\u00ed \u010das n\u00e1s v\u0161ech.\n<\/p>\n<p>\nGarantujeme <strong>z\u00e1ruku na rozm\u011bry<\/strong>. Od v\u00e1s pot\u0159ebujeme zadat jen sv\u011btlost otvoru, zvolen\u00fd typ profilu, druh v\u00fdpln\u011b a um\u00edst\u011bn\u00ed tlumen\u00ed.\n<\/p>\n<p>\nKa\u017ed\u00fd pou\u017eit\u00fd profil kov\u00e1n\u00ed je zbaven ochrann\u00e9 f\u00f3lie, zkontrolov\u00e1n a o\u010di\u0161t\u011bn, stejn\u00e9 plat\u00ed i o pou\u017eit\u00fdch v\u00fdpln\u00edch.\n<\/p>\n<p>\n<strong>Na pojezdov\u00e9 hlin\u00edkov\u00e9 syst\u00e9my poskytujeme prodlou\u017eenou z\u00e1ruku 10 let!<\/strong>\n<\/p>\n<p>\nSamoz\u0159ejmost\u00ed je <strong>z\u00e1kaznick\u00fd servis, poradenstv\u00ed<\/strong> a individu\u00e1ln\u00ed p\u0159\u00edstup.\n<\/p>\n<p>\nVyr\u00e1b\u00edme a dod\u00e1v\u00e1me posuvn\u00e9 dve\u0159e na m\u00edru dle po\u017eadavk\u016f va\u0161ich z\u00e1kazn\u00edk\u016f. Pou\u017e\u00edv\u00e1me <strong>v\u00edce ne\u017e 13 let prov\u011b\u0159en\u00fd a osv\u011bd\u010den\u00fd syst\u00e9m kov\u00e1n\u00ed<\/strong>,<br \/>\nkter\u00fd neust\u00e1le inovujeme.\n<\/p>\n<p>\n<strong>Mo\u017enosti v\u00fdpln\u00ed posuvn\u00fdch dve\u0159\u00ed jsou prakticky neomezen\u00e9.<\/strong>\n<\/p>\n<p>\nM\u016f\u017eete si zvolit <strong>jak\u00e9koliv lamino nebo sklen\u011bn\u00e9 v\u00fdpln\u011b dle vzorn\u00edk\u016f RAL nebo NCS<\/strong>, samoz\u0159ejmost\u00ed je spln\u011bn\u00ed podm\u00ednek bezpe\u010dnosti &#8211; bezpe\u010dnostn\u00ed f\u00f3lie.\n<\/p>\n<p>\nVyu\u017eijte na\u0161\u00ed nab\u00eddky <strong>mo\u017enosti mont\u00e1\u017ee va\u0161ich vlastn\u00edch v\u00fdpln\u00ed<\/strong>, na\u0161eho funk\u010dn\u00edho tlumen\u00e9ho dotahu za bonusovou cenu,  \u0159e\u0161en\u00ed \u0161ikmin nebo<br \/>\nnetradi\u010dn\u00edch po\u017eadavk\u016f na rozm\u011bry.\n<\/p>\n<p>\n<strong>Dod\u00e1v\u00e1me dve\u0159e \u0161ir\u0161\u00ed ne\u017e 1200 mm, vy\u0161\u0161\u00ed ne\u017e 2700 mm, dve\u0159e skl\u00e1dan\u00e9, oto\u010dn\u00e9, nebo pr\u016fchodov\u00e9.<\/strong>\n<\/p>\n<p>\nVyzkou\u0161ejte v\u00fdhody kov\u00e1n\u00ed pro odleh\u010den\u00e9 10 mm v\u00fdpln\u011b, ikdy\u017e do na\u0161eho kov\u00e1n\u00ed je mo\u017enost zvolit tak\u00e9 18 mm v\u00fdpln\u011b.\n<\/p>\n<h2><span class=\"zavorka\">[ <\/span>Tlumen\u00ed dve\u0159\u00ed je u n\u00e1s standard<span class=\"zavorka\"> ]<\/span><\/h2>\n<p>\nA to <strong>v profilech AL 50, 51, 52, 55, 56, 57<\/strong>; nelze pou\u017e\u00edt do \u00fazk\u00e9 kolejnice pro AL 53, 54\n<\/p>\n<p>\nTlumen\u00ed dod\u00e1v\u00e1me na <strong>ka\u017ed\u00e9 krajn\u00ed i st\u0159edov\u00e9 k\u0159\u00eddlo sestavy<\/strong>. Pokud chcete tlumen\u00ed i do jin\u00fdch k\u0159\u00eddel, zazna\u010dte je do objedn\u00e1vky, nebo je objednejte telefonicky.\n<\/p>\n<p>\nTlumen\u00fd <strong>dotah je n\u011bmeck\u00e9 v\u00fdroby se speci\u00e1ln\u00ed \u00fapravou pro n\u00e1\u0161 syst\u00e9m kov\u00e1n\u00ed<\/strong> posuvn\u00fdch dve\u0159\u00ed.\n<\/p>\n<p>\nToto tlumen\u00ed je na dve\u0159\u00edch i v horn\u00ed kolejnici ji\u017e namontov\u00e1no.\n<\/p>\n<p>\nDve\u0159e jen nasad\u00edte, nat\u00e1hnete tlumi\u010d a dve\u0159e budou samy dobrz\u010fovat p\u0159i dov\u00edr\u00e1n\u00ed.<\/p>\n","protected":false},"excerpt":{"rendered":"<p>Zak\u00e1zkov\u00e1 v\u00fdroba posuvn\u00fdch dve\u0159\u00ed [ Pro\u010d hotov\u00e9 dve\u0159e? ] Na\u0161im z\u00e1kazn\u00edk\u016fm nab\u00edz\u00edme kvalitn\u00ed, rychlou a bezprobl\u00e9movou dod\u00e1vku, kter\u00e1 u\u0161et\u0159\u00ed \u010das, probl\u00e9my s technickou a p\u0159edv\u00fdrobn\u00ed p\u0159\u00edpravou. Umo\u017e\u0148uje splnit po\u017eadavky n\u00e1ro\u010dn\u00fdch z\u00e1kazn\u00edk\u016f, a to v\u0161e za p\u0159ijatelnou cenu a s garanc\u00ed z\u00e1ruky. \u0161et\u0159\u00edme v\u00e1\u0161 \u010das \u0161et\u0159\u00edme va\u0161e pen\u00edze dod\u00e1v\u00e1me profesion\u00e1ln\u00ed v\u00fdrobek zv\u00fd\u0161en\u00ed efektivnosti va\u0161\u00ed v\u00fdroby &#8211; &hellip; <\/p>\n<p class=\"link-more\"><a href=\"http:\/\/o-design.cz\/mlinen\/zakazkova-vyroba\/\" class=\"more-link\">Pokra\u010dovat ve \u010dten\u00ed<span class=\"screen-reader-text\"> &#8222;ZAK\u00c1ZKOV\u00c1 V\u00ddROBA&#8220;<\/span><\/a><\/p>\n","protected":false},"author":1,"featured_media":0,"parent":0,"menu_order":0,"comment_status":"closed","ping_status":"closed","template":"","meta":{"ngg_post_thumbnail":0,"footnotes":""},"class_list":["post-52","page","type-page","status-publish","hentry"],"_links":{"self":[{"href":"http:\/\/o-design.cz\/mlinen\/wp-json\/wp\/v2\/pages\/52","targetHints":{"allow":["GET"]}}],"collection":[{"href":"http:\/\/o-design.cz\/mlinen\/wp-json\/wp\/v2\/pages"}],"about":[{"href":"http:\/\/o-design.cz\/mlinen\/wp-json\/wp\/v2\/types\/page"}],"author":[{"embeddable":true,"href":"http:\/\/o-design.cz\/mlinen\/wp-json\/wp\/v2\/users\/1"}],"replies":[{"embeddable":true,"href":"http:\/\/o-design.cz\/mlinen\/wp-json\/wp\/v2\/comments?post=52"}],"version-history":[{"count":2,"href":"http:\/\/o-design.cz\/mlinen\/wp-json\/wp\/v2\/pages\/52\/revisions"}],"predecessor-version":[{"id":174,"href":"http:\/\/o-design.cz\/mlinen\/wp-json\/wp\/v2\/pages\/52\/revisions\/174"}],"wp:attachment":[{"href":"http:\/\/o-design.cz\/mlinen\/wp-json\/wp\/v2\/media?parent=52"}],"curies":[{"name":"wp","href":"https:\/\/api.w.org\/{rel}","templated":true}]}}