{"id":54,"date":"2021-02-15T10:26:52","date_gmt":"2021-02-15T09:26:52","guid":{"rendered":"http:\/\/o-design.cz\/mlinen\/?page_id=54"},"modified":"2021-02-16T17:30:18","modified_gmt":"2021-02-16T16:30:18","slug":"ramy-dveri","status":"publish","type":"page","link":"http:\/\/o-design.cz\/mlinen\/ramy-dveri\/","title":{"rendered":"R\u00c1MY DVE\u0158\u00cd"},"content":{"rendered":"<h1>R\u00e1my dve\u0159\u00ed<\/h1>\n<h2><span class=\"zavorka\">[ <\/span>Svisl\u00e9 profily pro dve\u0159e<span class=\"zavorka\"> ]<\/span><\/h2>\n<p>\nV sou\u010dasn\u00e9 dob\u011b <strong>na\u0161e nab\u00eddka obsahuje 21 tvar\u016f a barev svisl\u00fdch li\u0161t<\/strong> pro dve\u0159e na v\u00fdpl\u0148 4 mm, 10 mm a 18 mm.\n<\/p>\n<p>\nJedn\u00e1 se o <strong>nejkomplexn\u011bj\u0161\u00ed nab\u00eddku profil\u016f na trhu<\/strong>. \u0160irok\u00e1 \u0161k\u00e1la tvar\u016f a barev umo\u017e\u0148uje pou\u017eit\u00ed v ka\u017ed\u00e9m prostoru.\n<\/p>\n<div class=\"DivOverflow\">\n<table class=\"profilyTable\">\n<tr>\n<th colspan=\"5\"><span class=\"zavorka\">[ <\/span>AL 50<span class=\"zavorka\"> ]<\/span><\/th>\n<\/tr>\n<tr>\n<td><img decoding=\"async\" src=\"http:\/\/www.o-design.cz\/mlinen\/wp-content\/uploads\/img\/web-picts\/profily\/AL_50-stribrna.jpg\" alt=\"profil AL50 st\u0159\u00edbrn\u00e1\" \/><\/td>\n<td><img decoding=\"async\" src=\"http:\/\/www.o-design.cz\/mlinen\/wp-content\/uploads\/img\/web-picts\/profily\/AL_50-sampan.jpg\" alt=\"profil AL50 \u0161ampa\u0148\" \/><\/td>\n<td><img decoding=\"async\" src=\"http:\/\/www.o-design.cz\/mlinen\/wp-content\/uploads\/img\/web-picts\/profily\/AL_50-bila-lesk.jpg\" alt=\"profil AL50 b\u00edl\u00e1 lesk\" \/><\/td>\n<td><img decoding=\"async\" src=\"http:\/\/www.o-design.cz\/mlinen\/wp-content\/uploads\/img\/web-picts\/profily\/AL_50-nerez-svetly.jpg\" alt=\"profil AL50 nerez sv\u011btl\u00fd\" \/><\/td>\n<td><img decoding=\"async\" src=\"http:\/\/www.o-design.cz\/mlinen\/wp-content\/uploads\/img\/web-picts\/profily\/AL_50-nerez-tmavy.jpg\" alt=\"profil AL50 nerez tmav\u00fd\" \/><\/td>\n<\/tr>\n<tr class=\"barvyTr\">\n<td>St\u0159\u00edbrn\u00e1<\/td>\n<td>\u0160ampa\u0148<\/td>\n<td>B\u00edl\u00e1 &#8211; lesk<\/td>\n<td>Nerez sv\u011btl\u00fd<\/td>\n<td>Nerez tmav\u00fd<\/td>\n<\/tr>\n<\/table>\n<\/div>\n<p> <!-- konec DivOverflow --><\/p>\n<div class=\"DivOverflow\">\n<table class=\"profilyTable\">\n<tr>\n<th colspan=\"3\"><span class=\"zavorka\">[ <\/span>AL 51<span class=\"zavorka\"> ]<\/span><\/th>\n<\/tr>\n<tr>\n<td style=\"width: 198px;\"><img decoding=\"async\" src=\"http:\/\/www.o-design.cz\/mlinen\/wp-content\/uploads\/img\/web-picts\/profily\/AL_51-stribrna.jpg\" alt=\"profil AL51 st\u0159\u00edbrn\u00e1\" \/><\/td>\n<td style=\"width: 198px;\"><img decoding=\"async\" src=\"http:\/\/www.o-design.cz\/mlinen\/wp-content\/uploads\/img\/web-picts\/profily\/AL_51-sampan.jpg\" alt=\"profil AL51 \u0161ampa\u0148\" \/><\/td>\n<td><\/td>\n<\/tr>\n<tr class=\"barvyTr\">\n<td>St\u0159\u00edbrn\u00e1<\/td>\n<td>\u0160ampa\u0148<\/td>\n<td><\/td>\n<\/tr>\n<\/table>\n<\/div>\n<p> <!-- konec DivOverflow --><\/p>\n<div class=\"DivOverflow\">\n<table class=\"profilyTable\">\n<tr>\n<th colspan=\"3\"><span class=\"zavorka\">[ <\/span>AL 55<span class=\"zavorka\"> ]<\/span><\/th>\n<\/tr>\n<tr>\n<td><img decoding=\"async\" src=\"http:\/\/www.o-design.cz\/mlinen\/wp-content\/uploads\/img\/web-picts\/profily\/AL_55-stribrna.jpg\" alt=\"profil AL55 st\u0159\u00edbrn\u00e1\" \/><\/td>\n<td><img decoding=\"async\" src=\"http:\/\/www.o-design.cz\/mlinen\/wp-content\/uploads\/img\/web-picts\/profily\/AL_55-sampan.jpg\" alt=\"profil AL55 \u0161ampa\u0148\" \/><\/td>\n<td style=\"min-width: 200px;\">Svisl\u00fd profil vhodn\u00fd pro ni\u017e\u0161\u00ed a u\u017e\u0161\u00ed dve\u0159e. (komody, botn\u00edky, atd.)<\/td>\n<\/tr>\n<tr class=\"barvyTr\">\n<td>St\u0159\u00edbrn\u00e1<\/td>\n<td>\u0160ampa\u0148<\/td>\n<td><\/td>\n<\/tr>\n<\/table>\n<\/div>\n<p> <!-- konec DivOverflow --><\/p>\n<div class=\"DivOverflow\">\n<table class=\"profilyTable\">\n<tr>\n<th colspan=\"3\"><span class=\"zavorka\">[ <\/span>AL 52<span class=\"zavorka\"> ]<\/span><\/th>\n<\/tr>\n<tr>\n<td><img decoding=\"async\" src=\"http:\/\/www.o-design.cz\/mlinen\/wp-content\/uploads\/img\/web-picts\/profily\/AL_52-stribrna.jpg\" alt=\"profil AL52 st\u0159\u00edbrn\u00e1\" \/><\/td>\n<td><img decoding=\"async\" src=\"http:\/\/www.o-design.cz\/mlinen\/wp-content\/uploads\/img\/web-picts\/profily\/AL_52-sampan.jpg\" alt=\"profil AL52 \u0161ampa\u0148\" \/><\/td>\n<td style=\"min-width: 200px;\">Svisl\u00e9 profily vhodn\u00e9 tak\u00e9 pro zafr\u00e9zov\u00e1n\u00ed v\u00fdpln\u00ed v tlou\u0161\u0165ce 18 mm.<\/td>\n<\/tr>\n<tr class=\"barvyTr\">\n<td>St\u0159\u00edbrn\u00e1<\/td>\n<td>\u0160ampa\u0148<\/td>\n<td><\/td>\n<\/tr>\n<\/table>\n<\/div>\n<p> <!-- konec DivOverflow --><\/p>\n<div class=\"DivOverflow\">\n<table class=\"profilyTable\">\n<tr>\n<th colspan=\"2\"><span class=\"zavorka\">[ <\/span>AL 56<span class=\"zavorka\"> ]<\/span><\/th>\n<th colspan=\"4\"><span class=\"zavorka\">[ <\/span>AL 57<span class=\"zavorka\"> ]<\/span><\/th>\n<\/tr>\n<tr>\n<td><img decoding=\"async\" src=\"http:\/\/www.o-design.cz\/mlinen\/wp-content\/uploads\/img\/web-picts\/profily\/AL_56-stribrna.jpg\" alt=\"profil AL56 st\u0159\u00edbrn\u00e1\" \/><\/td>\n<td><img decoding=\"async\" src=\"http:\/\/www.o-design.cz\/mlinen\/wp-content\/uploads\/img\/web-picts\/profily\/AL_56-sampan.jpg\" alt=\"profil AL56 \u0161ampa\u0148\" \/><\/td>\n<td><img decoding=\"async\" src=\"http:\/\/www.o-design.cz\/mlinen\/wp-content\/uploads\/img\/web-picts\/profily\/AL_57-stribrna.jpg\" alt=\"profil AL57 st\u0159\u00edbrn\u00e1\" \/><\/td>\n<td><img decoding=\"async\" src=\"http:\/\/www.o-design.cz\/mlinen\/wp-content\/uploads\/img\/web-picts\/profily\/AL_57-sampan.jpg\" alt=\"profil AL57 \u0161ampa\u0148\" \/><\/td>\n<td><img decoding=\"async\" src=\"http:\/\/www.o-design.cz\/mlinen\/wp-content\/uploads\/img\/web-picts\/profily\/AL_57-nerez_tmavy.jpg\" alt=\"profil AL57 nerez tmav\u00fd\" \/><\/td>\n<td style=\"min-width: 190px;\">Svisl\u00e9 profily vhodn\u00e9 tak\u00e9 pro zafr\u00e9zov\u00e1n\u00ed v\u00fdpln\u00ed v tlou\u0161\u0165ce 18 mm.<\/td>\n<\/tr>\n<tr class=\"barvyTr\">\n<td>St\u0159\u00edbrn\u00e1<\/td>\n<td>\u0160ampa\u0148<\/td>\n<td>St\u0159\u00edbrn\u00e1<\/td>\n<td>\u0160ampa\u0148<\/td>\n<td>Nerez tmav\u00fd<\/td>\n<td><\/td>\n<\/tr>\n<\/table>\n<\/div>\n<p> <!-- konec DivOverflow --><\/p>\n<div class=\"DivOverflow\">\n<table class=\"profilyTable\">\n<tr>\n<th colspan=\"2\"><span class=\"zavorka\">[ <\/span>AL 53<span class=\"zavorka\"> ]<\/span><\/th>\n<th colspan=\"3\"><span class=\"zavorka\">[ <\/span>AL 54<span class=\"zavorka\"> ]<\/span><\/th>\n<\/tr>\n<tr>\n<td><img decoding=\"async\" src=\"http:\/\/www.o-design.cz\/mlinen\/wp-content\/uploads\/img\/web-picts\/profily\/AL_53-stribrna.jpg\" alt=\"profil AL53 st\u0159\u00edbrn\u00e1\" \/><\/td>\n<td><img decoding=\"async\" src=\"http:\/\/www.o-design.cz\/mlinen\/wp-content\/uploads\/img\/web-picts\/profily\/AL_53-sampan.jpg\" alt=\"profil AL53 \u0161ampa\u0148\" \/><\/td>\n<td><img decoding=\"async\" src=\"http:\/\/www.o-design.cz\/mlinen\/wp-content\/uploads\/img\/web-picts\/profily\/AL_54-stribrna.jpg\" alt=\"profil AL54 st\u0159\u00edbrn\u00e1\" \/><\/td>\n<td><img decoding=\"async\" src=\"http:\/\/www.o-design.cz\/mlinen\/wp-content\/uploads\/img\/web-picts\/profily\/AL_54-sampan.jpg\" alt=\"profil AL54 \u0161ampa\u0148\" \/><\/td>\n<td style=\"min-width: 200px;\">Svisl\u00e9 profily vhodn\u00e9 pro m\u00edsto, kde je probl\u00e9m s&nbsp;pou\u017eitelnou hloubkou. Pozor, men\u0161\u00ed tuhost profilu.<br \/>\n\t\t\t<b>Hloubka horn\u00ed koleje jen 53 mm.<\/b><\/td>\n<\/tr>\n<tr class=\"barvyTr\">\n<td>St\u0159\u00edbrn\u00e1<\/td>\n<td>\u0160ampa\u0148<\/td>\n<td>St\u0159\u00edbrn\u00e1<\/td>\n<td>\u0160ampa\u0148<\/td>\n<td><\/td>\n<\/tr>\n<\/table>\n<\/div>\n<p> <!-- konec DivOverflow --><\/p>\n<div class=\"col-sm-6 uzsiP\">\n<h2><span class=\"zavorka\">[ <\/span>V\u00fdhody kov\u00e1n\u00ed pro 10mm v\u00fdpln\u011b<span class=\"zavorka\"> ]<\/span><\/h2>\n<p>\n\t\tN\u00edzk\u00e1 celkov\u00e1 hmotnost dve\u0159\u00ed a t\u00edm <strong>v\u011bt\u0161\u00ed \u017eivotnost mechanick\u00fdch \u010d\u00e1st\u00ed<\/strong>, p\u0159edev\u0161\u00edm pojezd\u016f\n\t\t<\/p>\n<p>\n\t\t<strong>Sklen\u011bn\u00e9 v\u00fdpln\u011b jdou vym\u011bnit.<\/strong> Jsou osazeny do kov\u00e1n\u00ed v t\u011bsn\u011bn\u00ed ve tvaru \u201eU\u201c s mo\u017enost\u00ed jejich snadn\u00e9 v\u00fdm\u011bny \u2013 nejsou lepeny, ale jen vlo\u017eeny.\n\t\t<\/p>\n<p>\n\t\t<strong>Sklen\u011bn\u00e9 v\u00fdpln\u011b v\u017edy spl\u0148uj\u00ed po\u017eadavky bezpe\u010dnosti<\/strong> \u2013 bezpe\u010dnostn\u00ed folie je v\u017edy nalepena za zadn\u00ed strany, nebo je pou\u017eito sklo certifikovan\u00e9<br \/>\n\t\tv\u00fdrobcem \u2013 nap\u0159. ml\u00e9\u010dn\u00fd nebo \u010dir\u00fd connex.\n\t\t<\/p>\n<p>\n\t\t<strong>Z\u00e1ruka a\u017e 10 let.<\/strong>\n\t\t<\/p>\n<p>\n\t\tPrakti\u010dnost, lep\u0161\u00ed komfort otev\u00edr\u00e1n\u00ed dve\u0159\u00ed a celkov\u00fd <strong>jemn\u00fd design<\/strong>.\n\t\t<\/p>\n<p>\n\t\t<strong>\u0160irok\u00fd v\u00fdb\u011br hlin\u00edkov\u00fdch profil\u016f<\/strong>, oboustrann\u00e9 profily pro p\u0159ed\u011blen\u00ed prostor\u016f. Mo\u017enost d\u0159evodekor\u016f v hlin\u00edkov\u00e9m kov\u00e1n\u00ed za stejnou cenu jako<br \/>\n\t\tst\u0159\u00edbrn\u00fd elox, kov\u00e1n\u00ed v b\u00edl\u00e9 i \u010dern\u00e9 barv\u011b a dal\u0161\u00ed RAL barvy.\n\t\t<\/p>\n<p>\n\t\t<strong>Mo\u017enost v\u00fdroby vy\u0161\u0161\u00edch dve\u0159\u00ed ne\u017e 2700mm.<\/strong>\n\t\t<\/p>\n<p>\n\t\t<strong>Mo\u017enost v\u00fdroby \u0161ir\u0161\u00edch dve\u0159\u00ed ne\u017e 1200mm<\/strong> \u2013 \u0161ir\u0161\u00ed dve\u0159e lze vyrobit, ale je t\u0159eba konzultovat s v\u00fdrobou.\n\t\t<\/p>\n<p>\n\t\tDve\u0159e m\u016f\u017eete snadno slo\u017eit a\u017e na m\u00edst\u011b mont\u00e1\u017ee \u2013 nemus\u00edte \u010dekat na vytvrdnut\u00ed lepidel atd..\n\t\t<\/p>\n<p>\n\t\tV\u00fdpl\u0148 dve\u0159\u00ed lamino v t\u00e9m\u011b\u0159 <strong>80 z\u00e1kladn\u00edch dekorech<\/strong> (Kronospan, Egger) v tlou\u0161\u0165ce 10mm a 12mm, lze dodat i v\u0161echny ostatn\u00ed LTD dekory \u2013 po<br \/>\n\t\tkonzultaci s v\u00fdrobou.\n\t\t<\/p>\n<p>\n\t\tMen\u0161\u00ed pnut\u00ed slab\u0161\u00edho materi\u00e1lu <strong>nezp\u016fsobuje \u010dast\u00fd pr\u016fhyb dve\u0159\u00ed<\/strong> jako v tl. 18 mm.\n\t\t<\/p>\n<p>\n\t\tPrakticky vy\u0159e\u0161en\u00fd <strong>tlumen\u00fd dotah<\/strong>, spolehliv\u011b funguje a d\u00edky ni\u017e\u0161\u00ed v\u00e1ze dve\u0159\u00ed je m\u00e9n\u011b zat\u011b\u017eov\u00e1n.\n\t\t<\/p>\n<h4>Syst\u00e9my <strong>Mline AL 50<\/strong> \u2013 ulo\u017een\u00ed skla do silikonov\u00e9ho t\u011bsn\u011bn\u00ed<\/h4>\n<p class=\"bolder\">\n\t\tNejbezpe\u010dn\u011bj\u0161\u00ed a nejkvalitn\u011bj\u0161\u00ed zp\u016fsob mont\u00e1\u017ee skla do posuvn\u00fdch dve\u0159\u00ed.\n\t\t<\/p>\n<p>\n\t\tD\u00edky t\u011bsn\u011bn\u00ed <strong>nedoch\u00e1z\u00ed ke kontaktu skla a hlin\u00edkov\u00e9ho profilu<\/strong>.\n\t\t<\/p>\n<p>\n\t\tMont\u00e1\u017e dve\u0159\u00ed na sucho \u2013 je rozeb\u00edrateln\u00e9 v p\u0159\u00edpad\u011b jak\u00e9hokoliv po\u0161kozen\u00ed skla.\n\t\t<\/p>\n<p>\t\t<img decoding=\"async\" src=\"http:\/\/www.o-design.cz\/mlinen\/wp-content\/uploads\/img\/web-picts\/ulozeni-skla-01.jpg\" class=\"leftImg\" style=\"margin: 10px 0px 30px 0px;\" alt=\"spr\u00e1vn\u00e9 ulo\u017een\u00ed skla\" \/><br \/>\n\t\t<img decoding=\"async\" src=\"http:\/\/www.o-design.cz\/mlinen\/wp-content\/uploads\/img\/web-picts\/zaruka-10-let.png\" class=\"leftImg\" style=\"width: 120px; margin: 20px 0px 20px -20px;\" alt=\"Z\u00e1ruka 10 let\" \/>\n<\/div>\n<div class=\"col-sm-6 uzsiP\">\n<h2><span class=\"zavorka\">[ <\/span>Nev\u00fdhody kov\u00e1n\u00ed pro 18mm v\u00fdpln\u011b<span class=\"zavorka\"> ]<\/span><\/h2>\n<p>\n\t\tVysok\u00e1 celkov\u00e1 hmotnost a t\u00edm <strong>v\u011bt\u0161\u00ed zat\u00ed\u017een\u00ed mechanick\u00fdch \u010d\u00e1st\u00ed<\/strong>, hlavn\u011b pojezd\u016f.\n\t\t<\/p>\n<p>\n\t\t<strong>Hor\u0161\u00ed komfort p\u0159i otev\u00edr\u00e1n\u00ed dve\u0159\u00ed<\/strong> \u2013 \u010d\u00edm t\u011b\u017e\u0161\u00ed, t\u00edm se h\u016f\u0159e otev\u00edraj\u00ed.<br \/>\n\t\tT\u011b\u017ek\u00e9 dve\u0159e m\u016f\u017eou po\u0161kodit sk\u0159\u00ed\u0148 p\u0159i jejich dorazu (v podstat\u011b ji zbo\u0159it).\n\t\t<\/p>\n<p>\n\t\tSklen\u011bn\u00e9 v\u00fdpln\u011b jsou vlo\u017eeny do dr\u00e1\u017eky v hlin\u00edkov\u00e9m profilu a zalepeny silikonem (sklo dol\u00e9h\u00e1 p\u0159\u00edmo na hlin\u00edk) a m\u016f\u017ee se po\u0161kodit p\u0159i dor\u00e1\u017een\u00ed<br \/>\n\t\tna bok sk\u0159\u00edn\u011b. V\u00fdpl\u0148 m\u016f\u017ee b\u00fdt voln\u00e1 a vyd\u00e1vat ne\u017e\u00e1douc\u00ed zvuky.\n\t\t<\/p>\n<p>\n\t\t<strong>Sklen\u011bn\u00e9 v\u00fdpln\u011b m\u016f\u017eou b\u00fdt jen v tlou\u0161\u0165ce 4mm<\/strong> \u2013 ml\u00e9\u010dn\u00e9 sklo se m\u016f\u017ee pou\u017e\u00edt jen satinato (matelux) nebo lacomat \u2013 kter\u00e9 v\u0161ak nejsou bezpe\u010dnostn\u00ed.\n\t\t<\/p>\n<p>\n\t\t<strong>Z\u00e1ruka maxim\u00e1ln\u011b 2 roky.<\/strong>\n\t\t<\/p>\n<p>\n\t\t<strong>Omezen\u00fd v\u00fdb\u011br hlin\u00edkov\u00fdch profil\u016f<\/strong>, nelze \u0159e\u0161it oboustrann\u00e9 dve\u0159e pro p\u0159ed\u011blen\u00ed prostor\u016f.\n\t\t<\/p>\n<p>\n\t\t<strong>Mo\u017enost v\u00fdroby dve\u0159\u00ed jen do v\u00fd\u0161ky 2650mm.<\/strong>\n\t\t<\/p>\n<p>\n\t\t<strong>Mo\u017enost v\u00fdroby dve\u0159\u00ed jen do \u0161\u00ed\u0159ky cca 1000mm<\/strong> \u2013 pak p\u0159ekra\u010duj\u00ed dovolenou v\u00e1hu.\n\t\t<\/p>\n<p>\n\t\tV\u011bt\u0161\u00ed pnut\u00ed siln\u011bj\u0161\u00edho materi\u00e1lu zp\u016fsobuje <strong>pr\u016fhyb dve\u0159\u00ed<\/strong> \u2013 nutno pou\u017e\u00edt vyrovn\u00e1vac\u00ed kov\u00e1n\u00ed.\n\t\t<\/p>\n<p>\n\t\t<strong>Tlumen\u00fd dotah<\/strong> b\u00fdv\u00e1 d\u00edky v\u00e1ze dve\u0159\u00ed v\u00edce nam\u00e1h\u00e1n a v\u011bt\u0161inou dob\u0159e <strong>nefunguje<\/strong>.\n\t\t<\/p>\n<p>\t\t<img decoding=\"async\" src=\"http:\/\/www.o-design.cz\/mlinen\/wp-content\/uploads\/img\/web-picts\/ulozeni-skla-02.jpg\" class=\"leftImg\" style=\"width: 235px; margin: 10px 0px 30px 0px;\" alt=\"nespr\u00e1vn\u00e9 ulo\u017een\u00ed skla\" \/><br \/>\n\t\t<img decoding=\"async\" src=\"http:\/\/www.o-design.cz\/mlinen\/wp-content\/uploads\/img\/web-picts\/ulozeni-skla-03.jpg\" class=\"leftImg\" style=\"width: 235px; margin: 10px 0px 30px 0px;\" alt=\"nespr\u00e1vn\u00e9 ulo\u017een\u00ed skla\" \/>\n<\/div>\n<div class=\"row center\">\n<p style=\"font-weight: 600; clear: both; margin: 20px 0 0 0; padding-top: 20px;\">Tabulka srovn\u00e1n\u00ed v\u00e1hy materi\u00e1l\u016f pou\u017e\u00edvan\u00fdch jako v\u00fdpln\u011b do celor\u00e1mov\u00fdch posuvn\u00fdch dve\u0159\u00ed<\/p>\n<div class=\"DivOverflow\">\n<table class=\"commonTable\">\n<tr class=\"mainTr\">\n<th>\u0161\u00ed\u0159ka v mm<\/th>\n<td>600<\/td>\n<td>800<\/td>\n<td>1000<\/td>\n<td>1200<\/td>\n<td>1400<\/td>\n<\/tr>\n<tr>\n<th>LTD 10mm<\/th>\n<td>15<\/td>\n<td>18<\/td>\n<td>22<\/td>\n<td>25<\/td>\n<td>29<\/td>\n<\/tr>\n<tr>\n<th>sklo 4mm<\/th>\n<td>19<\/td>\n<td>24<\/td>\n<td>29<\/td>\n<td>34<\/td>\n<td>39<\/td>\n<\/tr>\n<tr>\n<th>LTD 18mm<\/th>\n<td>23<\/td>\n<td>29<\/td>\n<td>35<\/td>\n<td>42<\/td>\n<td>48<\/td>\n<\/tr>\n<tr>\n<th>connex 6,4mm<\/th>\n<td>28<\/td>\n<td>36<\/td>\n<td>44<\/td>\n<td>52<\/td>\n<td>59<\/td>\n<\/tr>\n<tr>\n<th>18mm + 4mm<\/th>\n<td>42<\/td>\n<td>53<\/td>\n<td>64<\/td>\n<td>76<\/td>\n<td>87<\/td>\n<\/tr>\n<\/table>\n<\/div>\n<p>\n\tMaxim\u00e1ln\u00ed doporu\u010den\u00e9 zat\u00ed\u017een\u00ed spodn\u00edch lo\u017eiskov\u00fdch kole\u010dek je 25 kg\/ks (doporu\u010den\u00ed od v\u00fdrobce).\n\t<\/p>\n<p>\n\t<strong>Posuvn\u00e9 dve\u0159e by nem\u011bly b\u00fdt t\u011b\u017e\u0161\u00ed ne\u017e 50 kg.<\/strong>\n\t<\/p>\n<p>\n\tV\u0161echny v\u00e1hy jsou v\u010detn\u011b hlin\u00edkov\u00e9ho kov\u00e1n\u00ed, kalkulov\u00e1ny na v\u00fd\u0161ku dve\u0159\u00ed 2600mm\n\t<\/p>\n<\/div>\n","protected":false},"excerpt":{"rendered":"<p>R\u00e1my dve\u0159\u00ed [ Svisl\u00e9 profily pro dve\u0159e ] V sou\u010dasn\u00e9 dob\u011b na\u0161e nab\u00eddka obsahuje 21 tvar\u016f a barev svisl\u00fdch li\u0161t pro dve\u0159e na v\u00fdpl\u0148 4 mm, 10 mm a 18 mm. Jedn\u00e1 se o nejkomplexn\u011bj\u0161\u00ed nab\u00eddku profil\u016f na trhu. \u0160irok\u00e1 \u0161k\u00e1la tvar\u016f a barev umo\u017e\u0148uje pou\u017eit\u00ed v ka\u017ed\u00e9m prostoru. [ AL 50 ] St\u0159\u00edbrn\u00e1 \u0160ampa\u0148 &hellip; <\/p>\n<p class=\"link-more\"><a href=\"http:\/\/o-design.cz\/mlinen\/ramy-dveri\/\" class=\"more-link\">Pokra\u010dovat ve \u010dten\u00ed<span class=\"screen-reader-text\"> &#8222;R\u00c1MY DVE\u0158\u00cd&#8220;<\/span><\/a><\/p>\n","protected":false},"author":1,"featured_media":0,"parent":0,"menu_order":0,"comment_status":"closed","ping_status":"closed","template":"","meta":{"ngg_post_thumbnail":0,"footnotes":""},"class_list":["post-54","page","type-page","status-publish","hentry"],"_links":{"self":[{"href":"http:\/\/o-design.cz\/mlinen\/wp-json\/wp\/v2\/pages\/54","targetHints":{"allow":["GET"]}}],"collection":[{"href":"http:\/\/o-design.cz\/mlinen\/wp-json\/wp\/v2\/pages"}],"about":[{"href":"http:\/\/o-design.cz\/mlinen\/wp-json\/wp\/v2\/types\/page"}],"author":[{"embeddable":true,"href":"http:\/\/o-design.cz\/mlinen\/wp-json\/wp\/v2\/users\/1"}],"replies":[{"embeddable":true,"href":"http:\/\/o-design.cz\/mlinen\/wp-json\/wp\/v2\/comments?post=54"}],"version-history":[{"count":9,"href":"http:\/\/o-design.cz\/mlinen\/wp-json\/wp\/v2\/pages\/54\/revisions"}],"predecessor-version":[{"id":182,"href":"http:\/\/o-design.cz\/mlinen\/wp-json\/wp\/v2\/pages\/54\/revisions\/182"}],"wp:attachment":[{"href":"http:\/\/o-design.cz\/mlinen\/wp-json\/wp\/v2\/media?parent=54"}],"curies":[{"name":"wp","href":"https:\/\/api.w.org\/{rel}","templated":true}]}}