{"id":60,"date":"2021-02-15T10:27:42","date_gmt":"2021-02-15T09:27:42","guid":{"rendered":"http:\/\/o-design.cz\/mlinen\/?page_id=60"},"modified":"2021-02-16T16:07:27","modified_gmt":"2021-02-16T15:07:27","slug":"poptavka-ceny","status":"publish","type":"page","link":"http:\/\/o-design.cz\/mlinen\/poptavka-ceny\/","title":{"rendered":"POPT\u00c1VKA CENY"},"content":{"rendered":"<h1>Jak nejl\u00e9pe poptat cenu a co v\u0161echno zahrnuje<\/h1>\n<div class=\"col-sm-6 bolder\" style=\"width:300px;\">\n<h4>pro nacen\u011bn\u00ed pot\u0159ebujeme zn\u00e1t<\/h4>\n<p>\n\t\t1. sv\u011btlost otvoru<br \/>\n\t\t2. profil \u2013 typ a barvu<br \/>\n\t\t3. d\u011blen\u00ed dve\u0159\u00ed<br \/>\n\t\t4. typy v\u00fdpln\u00ed\n\t<\/p>\n<\/div>\n<div class=\"col-sm-6 sipka-mline bolder\">\n<p>\n\t\trychl\u00e1 a p\u0159ehledn\u00e1 cenov\u00e1 nab\u00eddka<br \/>\n\t\ts dopravou 300 &#8211; 600 K\u010d bez DPH (dle km)<br \/>\n\t\tdod\u00e1n\u00ed dve\u0159\u00ed do 10ti dn\u016f\n\t<\/p>\n<\/div>\n<p style=\"clear: both;\">\nK zad\u00e1n\u00ed parametr\u016f m\u016f\u017eete vyu\u017e\u00edt p\u0159ipraven\u00fd objedn\u00e1vkov\u00fd formul\u00e1\u0159.<br \/>\n<a href=\".\/ke-stazeni\/objednavkovy-formular.pdf\">Objedn\u00e1vkov\u00fd formul\u00e1\u0159 v PDF<\/a>,<br \/>\n<a href=\".\/ke-stazeni\/objednavkovy-formular.xlsx\">Objedn\u00e1vkov\u00fd formul\u00e1\u0159 v XLSX<\/a><\/p>\n<p class=\"bolder\">\nNebo pou\u017eijte vlastn\u00ed n\u00e1kres.\n<\/p>\n<h2><span class=\"zavorka\">[ <\/span>Cena zahrnuje<span class=\"zavorka\"> ]<\/span><\/h2>\n<ul class=\"bolder\">\n<li>Na m\u00edru vyroben\u00e9 dve\u0159e &#8211; (profily dve\u0159\u00ed jsou odlepen\u00e9 od ochrann\u00fdch foli\u00ed a o\u010di\u0161t\u011bn\u00e9).<\/li>\n<li>Horn\u00ed a doln\u00ed kolejnice zakr\u00e1cen\u00e9 na p\u0159esn\u00fd rozm\u011br.<\/li>\n<li>Horn\u00ed a doln\u00ed lo\u017eiskov\u00e1 kole\u010dka.<\/li>\n<li>Dorazov\u00e9 kart\u00e1\u010de.<\/li>\n<li>Pozicionery v\u00a0doln\u00ed kolejnici.<\/li>\n<li>Na doln\u00ed koleji je p\u0159ipravena oboustrann\u00e1 p\u00e1ska pro p\u0159ilepen\u00ed koleje na podlahu.<\/li>\n<li>V\u00a0p\u0159\u00edpad\u011b z\u00e1jmu je v\u00a0kolejnici nainstalov\u00e1n tlumen\u00fd dotah s kovov\u00fdm trnem na dve\u0159\u00edch, 100% funk\u010dn\u00ed. <\/li>\n<li>Dve\u0159e jsou zkompletov\u00e1ny v\u010detn\u011b kole\u010dek &#8211; jsou p\u0159ipraveny k\u00a0okam\u017eit\u00e9 a jednoduch\u00e9 mont\u00e1\u017ei.<\/li>\n<li>Baln\u00e9 zdarma.<\/li>\n<li>Snadn\u00fd n\u00e1vod a popis v\u00fdrobku pro mont\u00e1\u017e. Viz. <a href=\"https:\/\/www.youtube.com\/watch?v=C14jtDtxUcM\" title=\"\">video<\/a><\/li>\n<\/ul>\n<h2><span class=\"zavorka\">[ <\/span>Srovn\u00e1v\u00e1te ceny dve\u0159\u00ed?<span class=\"zavorka\"> ]<\/span><\/h2>\n<p>\nP\u0159i porovn\u00e1v\u00e1n\u00ed cenov\u00fdch nab\u00eddek je nutn\u00e9 zohlednit:\n<\/p>\n<ul class=\"bolder\">\n<li>Kvalita pou\u017e\u00edvan\u00e9ho kov\u00e1n\u00ed (v\u011bt\u0161\u00ed objem materi\u00e1lu v profilech a siln\u00e1 vrstva elox povrchu)<\/li>\n<li>Spr\u00e1vn\u00e9 \u0159emesln\u00e9 zpracov\u00e1n\u00ed<\/li>\n<li>Z\u00e1ruky na pojezdy a kov\u00e1n\u00ed<\/li>\n<li>Rychl\u00fd servis p\u0159i \u0159e\u0161en\u00ed probl\u00e9m\u016f (dodan\u00ed tak\u0159ka jak\u00e9hokoliv materi\u00e1lu)<\/li>\n<\/ul>\n<p>\nTo v\u0161e spolu \u00fazce souvis\u00ed, pokud budete srovn\u00e1vat cenu s jin\u00fdmi dodavateli.\n<\/p>\n<p>\nNen\u00ed p\u0159ece p\u0159\u00edli\u0161 ekonomick\u00e9 zakoupit levn\u00e9 zbo\u017e\u00ed, kter\u00e9 mus\u00edte v n\u00e1sleduj\u00edc\u00edch m\u011bs\u00edc\u00edch a letech opakovan\u011b opravovat a vysv\u011btlovat z\u00e1kazn\u00edk\u016fm, jak je to mo\u017en\u00e9.\n<\/p>\n<p>\nTelefonn\u00ed linka pro bezplatn\u00e9 vol\u00e1n\u00ed <a href=\"http:\/\/o-design.cz\/mlinen\/kontakt\/\"><img decoding=\"async\" style=\"width: 180px; margin-bottom: -25px;\" src=\"http:\/\/www.o-design.cz\/mlinen\/wp-content\/uploads\/img\/web-picts\/bezplatna-linka-zobrazit.png\" alt=\"bezplatn\u00e1 linka Mline\"><\/a> \u2013 zavolejte <b>ZDARMA<\/b> pro informace o Va\u0161\u00ed cen\u011b.<\/p>\n","protected":false},"excerpt":{"rendered":"<p>Jak nejl\u00e9pe poptat cenu a co v\u0161echno zahrnuje pro nacen\u011bn\u00ed pot\u0159ebujeme zn\u00e1t 1. sv\u011btlost otvoru 2. profil \u2013 typ a barvu 3. d\u011blen\u00ed dve\u0159\u00ed 4. typy v\u00fdpln\u00ed rychl\u00e1 a p\u0159ehledn\u00e1 cenov\u00e1 nab\u00eddka s dopravou 300 &#8211; 600 K\u010d bez DPH (dle km) dod\u00e1n\u00ed dve\u0159\u00ed do 10ti dn\u016f K zad\u00e1n\u00ed parametr\u016f m\u016f\u017eete vyu\u017e\u00edt p\u0159ipraven\u00fd objedn\u00e1vkov\u00fd formul\u00e1\u0159. &hellip; <\/p>\n<p class=\"link-more\"><a href=\"http:\/\/o-design.cz\/mlinen\/poptavka-ceny\/\" class=\"more-link\">Pokra\u010dovat ve \u010dten\u00ed<span class=\"screen-reader-text\"> &#8222;POPT\u00c1VKA CENY&#8220;<\/span><\/a><\/p>\n","protected":false},"author":1,"featured_media":0,"parent":0,"menu_order":0,"comment_status":"closed","ping_status":"closed","template":"","meta":{"ngg_post_thumbnail":0,"footnotes":""},"class_list":["post-60","page","type-page","status-publish","hentry"],"_links":{"self":[{"href":"http:\/\/o-design.cz\/mlinen\/wp-json\/wp\/v2\/pages\/60","targetHints":{"allow":["GET"]}}],"collection":[{"href":"http:\/\/o-design.cz\/mlinen\/wp-json\/wp\/v2\/pages"}],"about":[{"href":"http:\/\/o-design.cz\/mlinen\/wp-json\/wp\/v2\/types\/page"}],"author":[{"embeddable":true,"href":"http:\/\/o-design.cz\/mlinen\/wp-json\/wp\/v2\/users\/1"}],"replies":[{"embeddable":true,"href":"http:\/\/o-design.cz\/mlinen\/wp-json\/wp\/v2\/comments?post=60"}],"version-history":[{"count":10,"href":"http:\/\/o-design.cz\/mlinen\/wp-json\/wp\/v2\/pages\/60\/revisions"}],"predecessor-version":[{"id":173,"href":"http:\/\/o-design.cz\/mlinen\/wp-json\/wp\/v2\/pages\/60\/revisions\/173"}],"wp:attachment":[{"href":"http:\/\/o-design.cz\/mlinen\/wp-json\/wp\/v2\/media?parent=60"}],"curies":[{"name":"wp","href":"https:\/\/api.w.org\/{rel}","templated":true}]}}