{"id":62,"date":"2021-02-15T10:28:05","date_gmt":"2021-02-15T09:28:05","guid":{"rendered":"http:\/\/o-design.cz\/mlinen\/?page_id=62"},"modified":"2021-02-16T17:52:08","modified_gmt":"2021-02-16T16:52:08","slug":"satni-system-multi","status":"publish","type":"page","link":"http:\/\/o-design.cz\/mlinen\/satni-system-multi\/","title":{"rendered":"\u0160ATN\u00cd SYST\u00c9M MULTI"},"content":{"rendered":"<h1>\u0160atn\u00ed syst\u00e9m multi<\/h1>\n<p>\n\t<b>Samostatn\u00fd syst\u00e9m AL stojek a polic, kter\u00fd je mo\u017en\u00e9 instalovat do t\u00e9m\u011b\u0159 jak\u00fdchkoliv prostor.<\/b> \u0160atn\u00ed syst\u00e9m<br \/>\n\tMULTI nen\u00ed p\u0159\u00edmo napojen na posuvn\u00e9 dve\u0159e, proto je mo\u017en\u00e9 ho pou\u017e\u00edt i zvl\u00e1\u0161\u0165, nebo v r\u016fzn\u00fdch kombinac\u00edch.\n<\/p>\n<p><img decoding=\"async\" src=\"http:\/\/www.o-design.cz\/mlinen\/wp-content\/uploads\/img\/web-picts\/multi1.jpg\" class=\"leftImg rightSpace\" alt=\"\u0161atn\u00ed syst\u00e9m MULTI\" \/><img decoding=\"async\" src=\"http:\/\/www.o-design.cz\/mlinen\/wp-content\/uploads\/img\/web-picts\/multi2.jpg\" class=\"leftImg rightSpace\" alt=\"\u0161atn\u00ed syst\u00e9m MULTI\" \/><img decoding=\"async\" src=\"http:\/\/www.o-design.cz\/mlinen\/wp-content\/uploads\/img\/web-picts\/multi3.jpg\" class=\"leftImg rightSpace\" alt=\"\u0161atn\u00ed syst\u00e9m MULTI\" \/><\/p>\n<p class=\"clear\">\n\t<b>Lehk\u00e1 a jednoduch\u00e1 konstrukce<\/b> umo\u017e\u0148uje individu\u00e1ln\u00ed a snadn\u00e9 uspo\u0159\u00e1d\u00e1n\u00ed.<br \/>\n\tTento syst\u00e9m je vhodn\u00fd k <b>pou\u017eit\u00ed zejm\u00e9na v \u0161atn\u00e1ch<\/b>.\n<\/p>\n<p>\n<img decoding=\"async\" src=\"http:\/\/www.o-design.cz\/mlinen\/wp-content\/uploads\/img\/web-picts\/multi01.jpg\" class=\"leftImg rightSpace\" alt=\"\u0161atn\u00ed syst\u00e9m MULTI\" \/><img decoding=\"async\" src=\"http:\/\/www.o-design.cz\/mlinen\/wp-content\/uploads\/img\/web-picts\/multi02.jpg\" class=\"leftImg rightSpace\" style=\"margin-bottom: 30px;\" alt=\"\u0161atn\u00ed syst\u00e9m MULTI\" \/>\n<\/p>\n<h3 class=\"clear\">Syst\u00e9m MULTI m\u00e1 propracovanou konstrukci a jednoduchou mont\u00e1\u017e<\/h3>\n<p><img decoding=\"async\" class=\"leftImg rightSpace\" src=\"http:\/\/www.o-design.cz\/mlinen\/wp-content\/uploads\/img\/web-picts\/multi05.jpg\" alt=\"\u0161atn\u00ed syst\u00e9m MULTI\" \/><\/p>\n","protected":false},"excerpt":{"rendered":"<p>\u0160atn\u00ed syst\u00e9m multi Samostatn\u00fd syst\u00e9m AL stojek a polic, kter\u00fd je mo\u017en\u00e9 instalovat do t\u00e9m\u011b\u0159 jak\u00fdchkoliv prostor. \u0160atn\u00ed syst\u00e9m MULTI nen\u00ed p\u0159\u00edmo napojen na posuvn\u00e9 dve\u0159e, proto je mo\u017en\u00e9 ho pou\u017e\u00edt i zvl\u00e1\u0161\u0165, nebo v r\u016fzn\u00fdch kombinac\u00edch. Lehk\u00e1 a jednoduch\u00e1 konstrukce umo\u017e\u0148uje individu\u00e1ln\u00ed a snadn\u00e9 uspo\u0159\u00e1d\u00e1n\u00ed. Tento syst\u00e9m je vhodn\u00fd k pou\u017eit\u00ed zejm\u00e9na v \u0161atn\u00e1ch. &hellip; <\/p>\n<p class=\"link-more\"><a href=\"http:\/\/o-design.cz\/mlinen\/satni-system-multi\/\" class=\"more-link\">Pokra\u010dovat ve \u010dten\u00ed<span class=\"screen-reader-text\"> &#8222;\u0160ATN\u00cd SYST\u00c9M MULTI&#8220;<\/span><\/a><\/p>\n","protected":false},"author":1,"featured_media":0,"parent":0,"menu_order":0,"comment_status":"closed","ping_status":"closed","template":"","meta":{"ngg_post_thumbnail":0,"footnotes":""},"class_list":["post-62","page","type-page","status-publish","hentry"],"_links":{"self":[{"href":"http:\/\/o-design.cz\/mlinen\/wp-json\/wp\/v2\/pages\/62","targetHints":{"allow":["GET"]}}],"collection":[{"href":"http:\/\/o-design.cz\/mlinen\/wp-json\/wp\/v2\/pages"}],"about":[{"href":"http:\/\/o-design.cz\/mlinen\/wp-json\/wp\/v2\/types\/page"}],"author":[{"embeddable":true,"href":"http:\/\/o-design.cz\/mlinen\/wp-json\/wp\/v2\/users\/1"}],"replies":[{"embeddable":true,"href":"http:\/\/o-design.cz\/mlinen\/wp-json\/wp\/v2\/comments?post=62"}],"version-history":[{"count":8,"href":"http:\/\/o-design.cz\/mlinen\/wp-json\/wp\/v2\/pages\/62\/revisions"}],"predecessor-version":[{"id":197,"href":"http:\/\/o-design.cz\/mlinen\/wp-json\/wp\/v2\/pages\/62\/revisions\/197"}],"wp:attachment":[{"href":"http:\/\/o-design.cz\/mlinen\/wp-json\/wp\/v2\/media?parent=62"}],"curies":[{"name":"wp","href":"https:\/\/api.w.org\/{rel}","templated":true}]}}