{"id":64,"date":"2021-02-15T10:28:17","date_gmt":"2021-02-15T09:28:17","guid":{"rendered":"http:\/\/o-design.cz\/mlinen\/?page_id=64"},"modified":"2021-02-16T18:04:56","modified_gmt":"2021-02-16T17:04:56","slug":"hlinikove-ramecky","status":"publish","type":"page","link":"http:\/\/o-design.cz\/mlinen\/hlinikove-ramecky\/","title":{"rendered":"HLIN\u00cdKOV\u00c9 R\u00c1ME\u010cKY"},"content":{"rendered":"<h1>Hlin\u00edkov\u00e9 r\u00e1me\u010dky<\/h1>\n<p>\nR\u00e1me\u010dky nab\u00edz\u00edme v n\u011bkolika proveden\u00edch nosn\u00fdch hlin\u00edkov\u00fdch profil\u016f. Barvy profil\u016f jsou <b>st\u0159\u00edbrn\u00fd elox, nerez sv\u011btl\u00fd, nerez tmav\u00fd, chrom, chrom drhan\u00fd a \u010dern\u00e1<\/b>.<br \/>\nV\u0161echny hlin\u00edkov\u00e9 profily a p\u0159\u00edslu\u0161n\u00e9 barevn\u00e9 proveden\u00ed naleznete v<br \/>\n<a href=\"http:\/\/www.o-design.cz\/mlinen\/wp-content\/uploads\/ke-stazeni\/Mline-katalog-AL-nabytkove-ramecky-a-dna-2017.pdf\" title=\"hlin\u00edkov\u00e9 r\u00e1me\u010dky\"><b>katalogu hlin\u00edkov\u00fdch r\u00e1me\u010dk\u016f<\/b> a sv\u011bteln\u00fdch polic<\/a>.\n<\/p>\n<p><img decoding=\"async\" class=\"leftImg\" style=\"margin: 20px 30px 20px 0; width: 480px;\" src=\"http:\/\/www.o-design.cz\/mlinen\/wp-content\/uploads\/img\/web-picts\/al-ramecky-01.jpg\" alt=\"hlin\u00edkov\u00e9 n\u00e1bytkov\u00e9 r\u00e1me\u010dky\" \/><img decoding=\"async\" class=\"leftImg\" style=\"margin: 20px 0; width: 480px;\" src=\"http:\/\/www.o-design.cz\/mlinen\/wp-content\/uploads\/img\/web-picts\/al-ramecky-02.jpg\" alt=\"hlin\u00edkov\u00e9 n\u00e1bytkov\u00e9 r\u00e1me\u010dky\" \/><\/p>\n","protected":false},"excerpt":{"rendered":"<p>Hlin\u00edkov\u00e9 r\u00e1me\u010dky R\u00e1me\u010dky nab\u00edz\u00edme v n\u011bkolika proveden\u00edch nosn\u00fdch hlin\u00edkov\u00fdch profil\u016f. Barvy profil\u016f jsou st\u0159\u00edbrn\u00fd elox, nerez sv\u011btl\u00fd, nerez tmav\u00fd, chrom, chrom drhan\u00fd a \u010dern\u00e1. V\u0161echny hlin\u00edkov\u00e9 profily a p\u0159\u00edslu\u0161n\u00e9 barevn\u00e9 proveden\u00ed naleznete v katalogu hlin\u00edkov\u00fdch r\u00e1me\u010dk\u016f a sv\u011bteln\u00fdch polic.<\/p>\n","protected":false},"author":1,"featured_media":0,"parent":0,"menu_order":0,"comment_status":"closed","ping_status":"closed","template":"","meta":{"ngg_post_thumbnail":0,"footnotes":""},"class_list":["post-64","page","type-page","status-publish","hentry"],"_links":{"self":[{"href":"http:\/\/o-design.cz\/mlinen\/wp-json\/wp\/v2\/pages\/64","targetHints":{"allow":["GET"]}}],"collection":[{"href":"http:\/\/o-design.cz\/mlinen\/wp-json\/wp\/v2\/pages"}],"about":[{"href":"http:\/\/o-design.cz\/mlinen\/wp-json\/wp\/v2\/types\/page"}],"author":[{"embeddable":true,"href":"http:\/\/o-design.cz\/mlinen\/wp-json\/wp\/v2\/users\/1"}],"replies":[{"embeddable":true,"href":"http:\/\/o-design.cz\/mlinen\/wp-json\/wp\/v2\/comments?post=64"}],"version-history":[{"count":2,"href":"http:\/\/o-design.cz\/mlinen\/wp-json\/wp\/v2\/pages\/64\/revisions"}],"predecessor-version":[{"id":198,"href":"http:\/\/o-design.cz\/mlinen\/wp-json\/wp\/v2\/pages\/64\/revisions\/198"}],"wp:attachment":[{"href":"http:\/\/o-design.cz\/mlinen\/wp-json\/wp\/v2\/media?parent=64"}],"curies":[{"name":"wp","href":"https:\/\/api.w.org\/{rel}","templated":true}]}}