{"id":66,"date":"2021-02-15T10:28:36","date_gmt":"2021-02-15T09:28:36","guid":{"rendered":"http:\/\/o-design.cz\/mlinen\/?page_id=66"},"modified":"2021-02-16T18:06:11","modified_gmt":"2021-02-16T17:06:11","slug":"svetelne-police-a-dna","status":"publish","type":"page","link":"http:\/\/o-design.cz\/mlinen\/svetelne-police-a-dna\/","title":{"rendered":"SV\u011aTELN\u00c9 POLICE A DNA"},"content":{"rendered":"<h1>Sv\u011bteln\u00e9 police a dna<\/h1>\n<p><img decoding=\"async\" class=\"leftImg rightSpace\" style=\"margin-bottom: 20px;\" src=\"http:\/\/www.o-design.cz\/mlinen\/wp-content\/uploads\/img\/web-picts\/svetelne-police.jpg\" alt=\"sv\u011bteln\u00e9 police a dna\" \/><\/p>\n<p>\nSv\u011bteln\u00e1 dna S-Led mini se vyr\u00e1b\u011bj\u00ed v tlou\u0161\u0165ce profilu 21mm, co\u017e se bl\u00ed\u017e\u00ed skute\u010dn\u00e9 tlou\u0161\u0165ce klasick\u00e9ho LTD dna sk\u0159\u00ed\u0148ky. Oproti z\u00e1\u0159ivkov\u00e9<br \/>\nverzi nab\u00edz\u00ed mnohem v\u011bt\u0161\u00ed \u017eivotnost sv\u011bteln\u00e9ho zdroje a \u00fasporu energie. Vyr\u00e1b\u00ed se v bez\u016fchytkov\u00e9 variant\u011b i v klasick\u00e9 variant\u011b s rovn\u00fdm \u010delem.<br \/>\nMo\u017enost p\u0159izp\u016fsoben\u00ed hloubky dle po\u017eadavku z\u00e1kazn\u00edka.<br \/>\nNejmen\u0161\u00ed mo\u017en\u00e1 hloubka den i polic je 120mm.<br \/>\nD\u00e9lka p\u0159\u00edvodn\u00edho kabelu cca 2m.<br \/>\nKompletn\u00ed nab\u00eddku a technick\u00e1 data najdete v <a href=\"http:\/\/www.o-design.cz\/mlinen\/wp-content\/uploads\/ke-stazeni\/9-Mline-katalog-AL-dna-a-police.pdf\">katalogu sv\u011bteln\u00fdch polic a den<\/a>.<\/p>\n","protected":false},"excerpt":{"rendered":"<p>Sv\u011bteln\u00e9 police a dna Sv\u011bteln\u00e1 dna S-Led mini se vyr\u00e1b\u011bj\u00ed v tlou\u0161\u0165ce profilu 21mm, co\u017e se bl\u00ed\u017e\u00ed skute\u010dn\u00e9 tlou\u0161\u0165ce klasick\u00e9ho LTD dna sk\u0159\u00ed\u0148ky. Oproti z\u00e1\u0159ivkov\u00e9 verzi nab\u00edz\u00ed mnohem v\u011bt\u0161\u00ed \u017eivotnost sv\u011bteln\u00e9ho zdroje a \u00fasporu energie. Vyr\u00e1b\u00ed se v bez\u016fchytkov\u00e9 variant\u011b i v klasick\u00e9 variant\u011b s rovn\u00fdm \u010delem. Mo\u017enost p\u0159izp\u016fsoben\u00ed hloubky dle po\u017eadavku z\u00e1kazn\u00edka. Nejmen\u0161\u00ed mo\u017en\u00e1 &hellip; <\/p>\n<p class=\"link-more\"><a href=\"http:\/\/o-design.cz\/mlinen\/svetelne-police-a-dna\/\" class=\"more-link\">Pokra\u010dovat ve \u010dten\u00ed<span class=\"screen-reader-text\"> &#8222;SV\u011aTELN\u00c9 POLICE A DNA&#8220;<\/span><\/a><\/p>\n","protected":false},"author":1,"featured_media":0,"parent":0,"menu_order":0,"comment_status":"closed","ping_status":"closed","template":"","meta":{"ngg_post_thumbnail":0,"footnotes":""},"class_list":["post-66","page","type-page","status-publish","hentry"],"_links":{"self":[{"href":"http:\/\/o-design.cz\/mlinen\/wp-json\/wp\/v2\/pages\/66","targetHints":{"allow":["GET"]}}],"collection":[{"href":"http:\/\/o-design.cz\/mlinen\/wp-json\/wp\/v2\/pages"}],"about":[{"href":"http:\/\/o-design.cz\/mlinen\/wp-json\/wp\/v2\/types\/page"}],"author":[{"embeddable":true,"href":"http:\/\/o-design.cz\/mlinen\/wp-json\/wp\/v2\/users\/1"}],"replies":[{"embeddable":true,"href":"http:\/\/o-design.cz\/mlinen\/wp-json\/wp\/v2\/comments?post=66"}],"version-history":[{"count":2,"href":"http:\/\/o-design.cz\/mlinen\/wp-json\/wp\/v2\/pages\/66\/revisions"}],"predecessor-version":[{"id":199,"href":"http:\/\/o-design.cz\/mlinen\/wp-json\/wp\/v2\/pages\/66\/revisions\/199"}],"wp:attachment":[{"href":"http:\/\/o-design.cz\/mlinen\/wp-json\/wp\/v2\/media?parent=66"}],"curies":[{"name":"wp","href":"https:\/\/api.w.org\/{rel}","templated":true}]}}