{"id":70,"date":"2021-02-15T10:29:02","date_gmt":"2021-02-15T09:29:02","guid":{"rendered":"http:\/\/o-design.cz\/mlinen\/?page_id=70"},"modified":"2021-02-16T15:44:25","modified_gmt":"2021-02-16T14:44:25","slug":"videa","status":"publish","type":"page","link":"http:\/\/o-design.cz\/mlinen\/videa\/","title":{"rendered":"VIDEA"},"content":{"rendered":"<h1>Prezenta\u010dn\u00ed a instrukt\u00e1\u017en\u00ed videa posuvn\u00fdch dve\u0159\u00ed pro vestav\u011bn\u00e9 sk\u0159\u00edn\u011b<\/h1>\n<h2>Jak velk\u00e9 posuvn\u00e9 dve\u0159e um\u00edme vyrobit?<\/h2>\n<p>\n<a href=\"https:\/\/www.youtube.com\/watch?v=YuzPZnVjt3w\"><img decoding=\"async\" class=\"leftImg rightSpace videoImg\" src=\"http:\/\/www.o-design.cz\/mlinen\/wp-content\/uploads\/img\/web-picts\/videa\/01.jpg\" alt=\"\"><\/a><br \/>\nMnoho v\u00fdrobc\u016f nab\u00edz\u00ed p\u0159\u00edli\u0161 omezuj\u00edc\u00ed maxim\u00e1ln\u00ed rozm\u011bry dve\u0159\u00ed. V tomto videu se dozv\u00edte, jak mal\u00e9 \u010di velk\u00e9 dve\u0159e um\u00edme vyrobit, aby splnily v\u0161echny technick\u00e9 po\u017eadavky.\n<\/p>\n<h2>Bezpe\u010dnost skel v posuvn\u00fdch dve\u0159\u00edch<\/h2>\n<p>\n<a href=\"https:\/\/www.youtube.com\/watch?v=FUL4YvvEE44\"><img decoding=\"async\" class=\"leftImg rightSpace videoImg\" src=\"http:\/\/www.o-design.cz\/mlinen\/wp-content\/uploads\/img\/web-picts\/videa\/02.jpg\" alt=\"\"><\/a><br \/>\nBezpe\u010dnost je pro n\u00e1\u0161 v\u017edy na prvn\u00edm m\u00edst\u011b! \u017de jsou na\u0161e skla opravdu bezpe\u010dn\u00e1, se m\u016f\u017eete p\u0159esv\u011bd\u010dit v na\u0161em testu!\n<\/p>\n<h2>V\u00fdroba a postup sestaven\u00ed sk\u0159\u00edn\u011b s posuvn\u00fdmi dve\u0159mi<\/h2>\n<p>\n<a href=\"https:\/\/www.youtube.com\/watch?v=4WZO7TVkrA8\"><img decoding=\"async\" class=\"leftImg rightSpace videoImg\" src=\"http:\/\/www.o-design.cz\/mlinen\/wp-content\/uploads\/img\/web-picts\/videa\/03.jpg\" alt=\"\"><\/a><br \/>\nJak vyr\u00e1b\u00edme vestav\u011bnou sk\u0159\u00ed\u0148? Pod\u00edvejte se nap\u0159\u00edklad na zp\u016fsob uchycen\u00ed polic \u010di samotn\u00e9 sestaven\u00ed sk\u0159\u00edn\u011b.\n<\/p>\n<h2>Jak jsou nachyst\u00e1ny hotov\u00e9 dve\u0159e?<\/h2>\n<p>\n<a href=\"https:\/\/www.youtube.com\/watch?v=ZgsoSaQnDTw\"><img decoding=\"async\" class=\"leftImg rightSpace videoImg\" src=\"http:\/\/www.o-design.cz\/mlinen\/wp-content\/uploads\/img\/web-picts\/videa\/04.jpg\" alt=\"\"><\/a><br \/>\nDve\u0159e, kter\u00e9 si u n\u00e1s objedn\u00e1te, jsou kompletn\u011b nachyst\u00e1ny pro okam\u017eitou a rychlou mont\u00e1\u017e. Nedod\u00e1v\u00e1me polotovar, ale kompletn\u00ed v\u00fdrobek, kter\u00fd namontujete doslova za p\u00e1r minut.\n<\/p>\n<h2>Mont\u00e1\u017e posuvn\u00fdch dve\u0159\u00ed<\/h2>\n<p>\n<a href=\"https:\/\/www.youtube.com\/watch?v=C14jtDtxUcM\"><img decoding=\"async\" class=\"leftImg rightSpace videoImg\" src=\"http:\/\/www.o-design.cz\/mlinen\/wp-content\/uploads\/img\/web-picts\/videa\/05.jpg\" alt=\"\"><\/a><br \/>\nP\u0159esv\u011bd\u010dte se, \u017ee namontovat posuvn\u00e9 dve\u0159e zvl\u00e1dne opravdu ka\u017ed\u00fd. P\u00e1r jednoduch\u00fdch \u00fakon\u016f a m\u00e1te hotovo. Mont\u00e1\u017e je jednoduch\u00e1 a bez zdlouhav\u00fdch n\u00e1vod\u016f.\n<\/p>\n<h2>Zam\u011b\u0159en\u00ed prostoru pro posuvn\u00e9 dve\u0159e<\/h2>\n<p>\n<a href=\"https:\/\/www.youtube.com\/watch?v=71a2GRreLmw\"><img decoding=\"async\" class=\"leftImg rightSpace videoImg\" src=\"http:\/\/www.o-design.cz\/mlinen\/wp-content\/uploads\/img\/web-picts\/videa\/06.jpg\" alt=\"\"><\/a><br \/>\nZam\u011b\u0159en\u00ed prostoru pro posuvn\u00e9 dve\u0159e je jednoduch\u00e9, ale m\u00e1 sv\u00e1 pravidla. Jak\u00e1? Pod\u00edvejte se na video, kde uvid\u00edte tipy a rady, jak spr\u00e1vn\u011b zam\u011b\u0159it tento prostor.\n<\/p>\n<h2>Tlumen\u00fd dotah krajn\u00edch dve\u0159\u00ed<\/h2>\n<p>\n<a href=\"https:\/\/www.youtube.com\/watch?v=yKQlSSUEseY\"><img decoding=\"async\" class=\"leftImg rightSpace videoImg\" src=\"http:\/\/www.o-design.cz\/mlinen\/wp-content\/uploads\/img\/web-picts\/videa\/07.jpg\" alt=\"\"><\/a><br \/>\nDotah pro posuvn\u00e9 dve\u0159e v krajn\u00ed poloze. Tento dotah zpomal\u00ed a dov\u0159e zav\u00edraj\u00edc\u00ed se dve\u0159e. Dorazov\u00fd kart\u00e1\u010d se tak st\u00e1v\u00e1 minulost\u00ed.\n<\/p>\n<h2>Tlumen\u00fd dotah st\u0159edov\u00fdch dve\u0159\u00ed<\/h2>\n<p>\n<a href=\"https:\/\/www.youtube.com\/watch?v=68CMhSqsvfA\"><img decoding=\"async\" class=\"leftImg rightSpace videoImg\" src=\"http:\/\/www.o-design.cz\/mlinen\/wp-content\/uploads\/img\/web-picts\/videa\/08.jpg\" alt=\"\"><\/a><br \/>\nDotah pro posuvn\u00e9 dve\u0159e ve st\u0159edov\u00e9 poloze. Dve\u0159e m\u016f\u017eete otev\u0159\u00edt kter\u00fdmkoliv sm\u011brem a p\u0159esto se po zav\u0159en\u00ed vr\u00e1t\u00ed tam, kde maj\u00ed b\u00fdt \u2013 na st\u0159ed sk\u0159\u00edn\u011b, \u010di na m\u00edsto, kter\u00e9 si p\u0159edem ur\u010d\u00edte.\n<\/p>\n<h2>V\u00fdm\u011bna tlumen\u00e9ho dotahu<\/h2>\n<p>\n<a href=\"https:\/\/www.youtube.com\/watch?v=K_MF0FcVG9U\"><img decoding=\"async\" class=\"leftImg rightSpace videoImg\" src=\"http:\/\/www.o-design.cz\/mlinen\/wp-content\/uploads\/img\/web-picts\/videa\/09.jpg\" alt=\"\"><\/a><br \/>\nPokud dotah vypov\u00ed slu\u017ebu, nevad\u00ed! Jednodu\u0161e a bez demont\u00e1\u017ee dve\u0159\u00ed \u010di kolej\u00ed jej snadno vym\u011bn\u00edte za nov\u00fd.<\/p>\n","protected":false},"excerpt":{"rendered":"<p>Prezenta\u010dn\u00ed a instrukt\u00e1\u017en\u00ed videa posuvn\u00fdch dve\u0159\u00ed pro vestav\u011bn\u00e9 sk\u0159\u00edn\u011b Jak velk\u00e9 posuvn\u00e9 dve\u0159e um\u00edme vyrobit? Mnoho v\u00fdrobc\u016f nab\u00edz\u00ed p\u0159\u00edli\u0161 omezuj\u00edc\u00ed maxim\u00e1ln\u00ed rozm\u011bry dve\u0159\u00ed. V tomto videu se dozv\u00edte, jak mal\u00e9 \u010di velk\u00e9 dve\u0159e um\u00edme vyrobit, aby splnily v\u0161echny technick\u00e9 po\u017eadavky. Bezpe\u010dnost skel v posuvn\u00fdch dve\u0159\u00edch Bezpe\u010dnost je pro n\u00e1\u0161 v\u017edy na prvn\u00edm m\u00edst\u011b! \u017de jsou &hellip; <\/p>\n<p class=\"link-more\"><a href=\"http:\/\/o-design.cz\/mlinen\/videa\/\" class=\"more-link\">Pokra\u010dovat ve \u010dten\u00ed<span class=\"screen-reader-text\"> &#8222;VIDEA&#8220;<\/span><\/a><\/p>\n","protected":false},"author":1,"featured_media":0,"parent":0,"menu_order":0,"comment_status":"closed","ping_status":"closed","template":"","meta":{"ngg_post_thumbnail":0,"footnotes":""},"class_list":["post-70","page","type-page","status-publish","hentry"],"_links":{"self":[{"href":"http:\/\/o-design.cz\/mlinen\/wp-json\/wp\/v2\/pages\/70","targetHints":{"allow":["GET"]}}],"collection":[{"href":"http:\/\/o-design.cz\/mlinen\/wp-json\/wp\/v2\/pages"}],"about":[{"href":"http:\/\/o-design.cz\/mlinen\/wp-json\/wp\/v2\/types\/page"}],"author":[{"embeddable":true,"href":"http:\/\/o-design.cz\/mlinen\/wp-json\/wp\/v2\/users\/1"}],"replies":[{"embeddable":true,"href":"http:\/\/o-design.cz\/mlinen\/wp-json\/wp\/v2\/comments?post=70"}],"version-history":[{"count":3,"href":"http:\/\/o-design.cz\/mlinen\/wp-json\/wp\/v2\/pages\/70\/revisions"}],"predecessor-version":[{"id":164,"href":"http:\/\/o-design.cz\/mlinen\/wp-json\/wp\/v2\/pages\/70\/revisions\/164"}],"wp:attachment":[{"href":"http:\/\/o-design.cz\/mlinen\/wp-json\/wp\/v2\/media?parent=70"}],"curies":[{"name":"wp","href":"https:\/\/api.w.org\/{rel}","templated":true}]}}