{"id":8,"date":"2021-02-11T17:39:18","date_gmt":"2021-02-11T16:39:18","guid":{"rendered":"http:\/\/o-design.cz\/mlinen\/?page_id=8"},"modified":"2021-02-16T15:38:03","modified_gmt":"2021-02-16T14:38:03","slug":"domu","status":"publish","type":"page","link":"http:\/\/o-design.cz\/mlinen\/","title":{"rendered":"Dom\u016f"},"content":{"rendered":"<h1>Posuvn\u00e9 dve\u0159e pro vestav\u011bn\u00e9 sk\u0159\u00edn\u011b Mline &#8211; specializovan\u00fd v\u00fdrobce<\/h1>\n<div class=\"row\">\n<p>Na <strong>posuvn\u00e9 dve\u0159e pro vestav\u011bn\u00e9 sk\u0159\u00edn\u011b<\/strong> se firma <b><span style=\"font-size: 1.2em;\">M<\/span>line<\/b> specializuje <b>ji\u017e od roku 2003<\/b>. Pro<br \/>\nposuvn\u00e9 dve\u0159e vestav\u011bn\u00fdch sk\u0159\u00edn\u00ed pou\u017e\u00edv\u00e1me pouze nejkvalitn\u011bj\u0161\u00ed <b>kov\u00e1n\u00ed zna\u010dky SENATOR<\/b>.<\/p>\n<p>V\u00fdrobn\u00ed <strong>provoz a s\u00eddlo firmy se vzorkovnou posuvn\u00fdch dve\u0159\u00ed<br \/>\nje ve Vizovic\u00edch<\/strong>. Na\u0161e v\u00fdrobky dod\u00e1v\u00e1me z\u00e1kazn\u00edk\u016fm po cel\u00e9 republice na\u0161\u00ed <strong>vlastn\u00ed dopravou<\/strong>.<\/p>\n<div class=\"col-sm-6\">\n<div class=\"index-quarter\"><img decoding=\"async\" class=\"leftImg indexImg\" src=\".\/wp-content\/uploads\/img\/web-picts\/index-ramy.jpg\" alt=\"\"><\/div>\n<div class=\"index-quarter\"><span class=\"index-nadpis\"><br \/>\n<span class=\"zavorka\">[<\/span> r\u00e1my <span class=\"zavorka\">]<\/span><br \/>\n<\/span><\/p>\n<p class=\"index-P\">Hlin\u00edkov\u00e9 r\u00e1my pro posuvn\u00e9 dve\u0159e vysok\u00e9 kvality, s&nbsp;desetiletou&nbsp;z\u00e1rukou<\/p>\n<\/div>\n<\/div>\n<div class=\"col-sm-6\">\n<div class=\"index-quarter\"><img decoding=\"async\" class=\"leftImg indexImg\" src=\".\/wp-content\/uploads\/img\/web-picts\/index-vyplne.jpg\" alt=\"\"><\/div>\n<div class=\"index-quarter\"><span class=\"index-nadpis\"><br \/>\n<span class=\"zavorka\">[<\/span> v\u00fdpln\u011b <span class=\"zavorka\">]<\/span><br \/>\n<\/span><\/p>\n<p class=\"index-P\">V\u00fdpln\u011b posuvn\u00fdch dve\u0159\u00ed mnoha dekor\u016f a materi\u00e1l\u016f<\/p>\n<\/div>\n<\/div>\n<\/div>\n<p class=\"slogan\">KVALITN\u00cd <b>POSUVN\u00c9 DVE\u0158E<\/b> \u010cESK\u00c9 V\u00ddROBY<\/p>\n<div class=\"row kvality\">\n<div class=\"col-sm-4\">\n<p class=\"number\"><span>16 +<\/span><\/p>\n<p>let<br \/>\n<b>zku\u0161enost\u00ed<\/b><\/p>\n<\/div>\n<div class=\"col-sm-4\">\n<p class=\"number\"><span>63 000 +<\/span><\/p>\n<p>vyroben\u00fdch<br \/>\n<b>posuvn\u00fdch dve\u0159\u00ed<\/b><\/p>\n<\/div>\n<div class=\"col-sm-4\">\n<p class=\"number\"><span>24 000 +<\/span><\/p>\n<p>realizovan\u00fdch<br \/>\n<b>zak\u00e1zek<\/b><\/p>\n<\/div>\n<\/div>\n<div class=\"col-sm-12 novinky\">\n<h3 style=\"line-height: 1.0; margin-top: 0;\"><b><span style=\"font-size: 1.2em;\">M<\/span>line<\/b> rad\u00ed a informuje<\/h3>\n<p><span class=\"prispevekH\">St\u0159edn\u00ed tlumen\u00ed dve\u0159\u00ed<\/span><\/p>\n<div><img decoding=\"async\" class=\"leftImg rightSpace\" style=\"width: 160px; height: 170px; margin: 0px 30px 30px 0px;\" src=\".\/wp-content\/uploads\/img\/web-picts\/novinky01.jpg\" alt=\"\"><\/div>\n<ul>\n<li>jednoduch\u00fd syst\u00e9m s kovov\u00fdm aktiv\u00e1torem, pln\u011b funk\u010dn\u00ed a vyzkou\u0161en\u00fd<\/li>\n<li>pro st\u0159edov\u00e9 dve\u0159e, kter\u00e9 zastav\u00ed a dotlum\u00ed, dve\u0159e m\u016f\u017eeme pot\u00e9 otev\u0159\u00edt v libovoln\u00e9m sm\u011bru (vlevo \u010di vpravo)<\/li>\n<li>tlumen\u00ed dod\u00e1v\u00e1me ji\u017e namontovan\u00e9 &#8211; nemus\u00edte studovat slo\u017eit\u00e9 n\u00e1vody<\/li>\n<li>tlumi\u010d je v horn\u00ed koleji, aktiv\u00e1tor na horn\u00edm profilu dve\u0159\u00ed<\/li>\n<li><a href=\"https:\/\/www.youtube.com\/watch?v=68CMhSqsvfA\">Uk\u00e1zka dotahu st\u0159edov\u00fdch dve\u0159\u00ed<\/a><\/li>\n<li><a href=\"https:\/\/www.youtube.com\/watch?v=yKQlSSUEseY\">Uk\u00e1zka dotahu krajn\u00edch dve\u0159\u00ed<\/a><\/li>\n<\/ul>\n<p><span class=\"prispevekH\">Bezpe\u010dnost skel<\/span><\/p>\n<div><img decoding=\"async\" class=\"leftImg rightSpace prizpusobivy\" style=\"width: 160px; margin: 0px 30px 30px 0px;\" src=\".\/wp-content\/uploads\/img\/web-picts\/bezpecnost-skel.jpg\" alt=\"bezpe\u010dnost skel Mline\"><\/div>\n<ul>\n<li><strong>v\u0161echna n\u00e1mi nab\u00edzen\u00e1 skla spl\u0148uj\u00ed bezpe\u010dnostn\u00ed po\u017eadavky<\/strong><\/li>\n<li>pod\u00edvejte se na na\u0161e video o bezpe\u010dnosti skel, kde se dozv\u00edte, jak se jednotliv\u00e9 typy skel p\u0159i rozbit\u00ed chovaj\u00ed.<\/li>\n<\/ul>\n<\/div>\n<div class=\"col-sm-6\">\n<div class=\"index-quarter\"><img decoding=\"async\" class=\"leftImg\" src=\".\/wp-content\/uploads\/img\/web-picts\/naceneni.png\" alt=\"\"><\/div>\n<div class=\"index-quarter\"><span class=\"index-nadpis\"><br \/>\n<span class=\"zavorka\">[<\/span> cena dve\u0159\u00ed <span class=\"zavorka\">]<\/span><br \/>\n<\/span><\/p>\n<p class=\"index-P\" style=\"font-size: 0.8em;\">Pokud zn\u00e1te parametry:<br \/>\ntel.: <a href=\"http:\/\/o-design.cz\/mlinen\/kontakt\/\"><img decoding=\"async\" style=\"width: 120px; margin-top: 5px; margin-bottom: -10px;\" src=\".\/wp-content\/uploads\/img\/web-picts\/bezplatna-linka-zobrazit.png\" alt=\"bezplatn\u00e1 linka Mline\"><\/a><\/p>\n<p style=\"font-size: 0.8em;font-weight: 600;\">email: <a style=\"font-weight: 600; font-size: 1.2em; color: #fe0000;\" href=\"mailto:info@mline.cz\">info@mline.cz<\/a><\/p>\n<\/div>\n<\/div>\n<div class=\"col-sm-6\">\n<div class=\"index-quarter\" style=\"border-left: 2px solid #fe0000; border-right: 1px solid #dfdfdf;\"><a href=\"https:\/\/www.youtube.com\/channel\/UCPrq_vpmwuIQwcT8hBheYnw\/videos?shelf_id=0&amp;view=0&amp;sort=dd\"><br \/>\n<img decoding=\"async\" class=\"youtube-ikona\" src=\".\/wp-content\/uploads\/img\/web-parts\/ikona_video.jpg\" alt=\"youtube video\"><br \/>\n<\/a><\/div>\n<div class=\"index-quarter\"><span class=\"index-nadpis\"><br \/>\n<span class=\"zavorka\">[<\/span> YouTube <span class=\"zavorka\">]<\/span><br \/>\n<\/span><\/p>\n<p class=\"index-P\" style=\"font-size: 1.2em;\">N\u00e1vody<br \/>\nPostupy<br \/>\nInformace<\/p>\n<\/div>\n<\/div>\n","protected":false},"excerpt":{"rendered":"<p>Posuvn\u00e9 dve\u0159e pro vestav\u011bn\u00e9 sk\u0159\u00edn\u011b Mline &#8211; specializovan\u00fd v\u00fdrobce Na posuvn\u00e9 dve\u0159e pro vestav\u011bn\u00e9 sk\u0159\u00edn\u011b se firma Mline specializuje ji\u017e od roku 2003. Pro posuvn\u00e9 dve\u0159e vestav\u011bn\u00fdch sk\u0159\u00edn\u00ed pou\u017e\u00edv\u00e1me pouze nejkvalitn\u011bj\u0161\u00ed kov\u00e1n\u00ed zna\u010dky SENATOR. V\u00fdrobn\u00ed provoz a s\u00eddlo firmy se vzorkovnou posuvn\u00fdch dve\u0159\u00ed je ve Vizovic\u00edch. Na\u0161e v\u00fdrobky dod\u00e1v\u00e1me z\u00e1kazn\u00edk\u016fm po cel\u00e9 republice na\u0161\u00ed vlastn\u00ed &hellip; <\/p>\n<p class=\"link-more\"><a href=\"http:\/\/o-design.cz\/mlinen\/\" class=\"more-link\">Pokra\u010dovat ve \u010dten\u00ed<span class=\"screen-reader-text\"> &#8222;Dom\u016f&#8220;<\/span><\/a><\/p>\n","protected":false},"author":1,"featured_media":0,"parent":0,"menu_order":0,"comment_status":"closed","ping_status":"closed","template":"","meta":{"ngg_post_thumbnail":0,"footnotes":""},"class_list":["post-8","page","type-page","status-publish","hentry"],"_links":{"self":[{"href":"http:\/\/o-design.cz\/mlinen\/wp-json\/wp\/v2\/pages\/8","targetHints":{"allow":["GET"]}}],"collection":[{"href":"http:\/\/o-design.cz\/mlinen\/wp-json\/wp\/v2\/pages"}],"about":[{"href":"http:\/\/o-design.cz\/mlinen\/wp-json\/wp\/v2\/types\/page"}],"author":[{"embeddable":true,"href":"http:\/\/o-design.cz\/mlinen\/wp-json\/wp\/v2\/users\/1"}],"replies":[{"embeddable":true,"href":"http:\/\/o-design.cz\/mlinen\/wp-json\/wp\/v2\/comments?post=8"}],"version-history":[{"count":73,"href":"http:\/\/o-design.cz\/mlinen\/wp-json\/wp\/v2\/pages\/8\/revisions"}],"predecessor-version":[{"id":162,"href":"http:\/\/o-design.cz\/mlinen\/wp-json\/wp\/v2\/pages\/8\/revisions\/162"}],"wp:attachment":[{"href":"http:\/\/o-design.cz\/mlinen\/wp-json\/wp\/v2\/media?parent=8"}],"curies":[{"name":"wp","href":"https:\/\/api.w.org\/{rel}","templated":true}]}}