{"id":1104,"date":"2024-06-18T12:51:41","date_gmt":"2024-06-18T10:51:41","guid":{"rendered":"http:\/\/o-design.cz\/sogroup\/?page_id=1104"},"modified":"2024-09-19T10:27:40","modified_gmt":"2024-09-19T08:27:40","slug":"frezovani","status":"publish","type":"page","link":"http:\/\/o-design.cz\/sogroup\/frezovani\/","title":{"rendered":"Fr\u00e9zov\u00e1n\u00ed"},"content":{"rendered":"\t\t<div data-elementor-type=\"wp-page\" data-elementor-id=\"1104\" class=\"elementor elementor-1104\">\n\t\t\t\t\t\t<section class=\"elementor-section elementor-top-section elementor-element elementor-element-eedafb9 elementor-section-content-middle elementor-section-boxed elementor-section-height-default elementor-section-height-default\" data-id=\"eedafb9\" data-element_type=\"section\">\n\t\t\t\t\t\t<div class=\"elementor-container elementor-column-gap-default\">\n\t\t\t\t\t<div class=\"elementor-column elementor-col-50 elementor-top-column elementor-element elementor-element-571508b\" data-id=\"571508b\" data-element_type=\"column\">\n\t\t\t<div class=\"elementor-widget-wrap elementor-element-populated\">\n\t\t\t\t\t\t<div class=\"elementor-element elementor-element-711b023 elementor-widget elementor-widget-heading\" data-id=\"711b023\" data-element_type=\"widget\" data-widget_type=\"heading.default\">\n\t\t\t\t<div class=\"elementor-widget-container\">\n\t\t\t<h2 class=\"elementor-heading-title elementor-size-default\">Fr\u00e9zov\u00e1n\u00ed<\/h2>\t\t<\/div>\n\t\t\t\t<\/div>\n\t\t\t\t<div class=\"elementor-element elementor-element-1cf0f1c elementor-widget elementor-widget-text-editor\" data-id=\"1cf0f1c\" data-element_type=\"widget\" data-widget_type=\"text-editor.default\">\n\t\t\t\t<div class=\"elementor-widget-container\">\n\t\t\t\t\t\t\t<p>Obr\u00e1b\u00edme p\u0159edev\u0161\u00edm v\u00fdrobky deskov\u00e9ho typu, sva\u0159ence a odlitky, kde spl\u0148ujeme vysok\u00e9 po\u017eadavky na p\u0159esnost fr\u00e9zovan\u00fdch ploch, vysok\u00e9 n\u00e1roky na mno\u017estv\u00ed a p\u0159esnost obr\u00e1b\u011bn\u00ed otvor\u016f, z\u00e1vit\u016f, dr\u00e1\u017eek, a podobn\u011b.<\/p><p>V\u00a0roce 2020 bylo zakoupeno nov\u00e9 t\u0159\u00edos\u00e9 port\u00e1lov\u00e9 obr\u00e1b\u011bc\u00ed centrum s automatickou \u00fahlovou hlavou.<\/p><p>Na z\u00e1klad\u011b t\u00e9to investici vykr\u00fdv\u00e1me v\u011bt\u0161\u00ed rozsah po\u017eadavk\u016f z\u00e1kazn\u00edka a kompletnost jeho pot\u0159eb.<\/p>\t\t\t\t\t\t<\/div>\n\t\t\t\t<\/div>\n\t\t\t\t\t<\/div>\n\t\t<\/div>\n\t\t\t\t<div class=\"elementor-column elementor-col-50 elementor-top-column elementor-element elementor-element-bc4d4c0\" data-id=\"bc4d4c0\" data-element_type=\"column\">\n\t\t\t<div class=\"elementor-widget-wrap elementor-element-populated\">\n\t\t\t\t\t\t<div class=\"elementor-element elementor-element-48dd569 elementor-widget elementor-widget-image\" data-id=\"48dd569\" data-element_type=\"widget\" data-widget_type=\"image.default\">\n\t\t\t\t<div class=\"elementor-widget-container\">\n\t\t\t\t\t\t\t\t\t\t\t\t\t<img decoding=\"async\" src=\"http:\/\/o-design.cz\/sogroup\/wp-content\/uploads\/2021\/11\/Rectangle-604-2-1.jpg\" title=\"\" alt=\"\" loading=\"lazy\" \/>\t\t\t\t\t\t\t\t\t\t\t\t\t<\/div>\n\t\t\t\t<\/div>\n\t\t\t\t\t<\/div>\n\t\t<\/div>\n\t\t\t\t\t<\/div>\n\t\t<\/section>\n\t\t\t\t<section class=\"elementor-section elementor-top-section elementor-element elementor-element-cf5ff21 elementor-section-content-middle elementor-section-boxed elementor-section-height-default elementor-section-height-default\" data-id=\"cf5ff21\" data-element_type=\"section\" data-settings=\"{&quot;background_background&quot;:&quot;classic&quot;}\">\n\t\t\t\t\t\t<div class=\"elementor-container elementor-column-gap-default\">\n\t\t\t\t\t<div class=\"elementor-column elementor-col-50 elementor-top-column elementor-element elementor-element-c35989b\" data-id=\"c35989b\" data-element_type=\"column\">\n\t\t\t<div class=\"elementor-widget-wrap elementor-element-populated\">\n\t\t\t\t\t\t<div class=\"elementor-element elementor-element-33e3b28 elementor-widget__width-initial elementor-widget elementor-widget-image\" data-id=\"33e3b28\" data-element_type=\"widget\" data-widget_type=\"image.default\">\n\t\t\t\t<div class=\"elementor-widget-container\">\n\t\t\t\t\t\t\t\t\t\t\t\t\t<img fetchpriority=\"high\" decoding=\"async\" width=\"600\" height=\"753\" src=\"http:\/\/o-design.cz\/sogroup\/wp-content\/uploads\/2024\/09\/frezovani-1.png\" class=\"attachment-large size-large wp-image-1179\" alt=\"\" srcset=\"http:\/\/o-design.cz\/sogroup\/wp-content\/uploads\/2024\/09\/frezovani-1.png 600w, http:\/\/o-design.cz\/sogroup\/wp-content\/uploads\/2024\/09\/frezovani-1-239x300.png 239w, http:\/\/o-design.cz\/sogroup\/wp-content\/uploads\/2024\/09\/frezovani-1-230x289.png 230w, http:\/\/o-design.cz\/sogroup\/wp-content\/uploads\/2024\/09\/frezovani-1-350x439.png 350w, http:\/\/o-design.cz\/sogroup\/wp-content\/uploads\/2024\/09\/frezovani-1-480x602.png 480w\" sizes=\"(max-width: 600px) 100vw, 600px\" \/>\t\t\t\t\t\t\t\t\t\t\t\t\t<\/div>\n\t\t\t\t<\/div>\n\t\t\t\t\t<\/div>\n\t\t<\/div>\n\t\t\t\t<div class=\"elementor-column elementor-col-50 elementor-top-column elementor-element elementor-element-9d8f192\" data-id=\"9d8f192\" data-element_type=\"column\">\n\t\t\t<div class=\"elementor-widget-wrap elementor-element-populated\">\n\t\t\t\t\t\t<div class=\"elementor-element elementor-element-a2ff96d elementor-widget elementor-widget-heading\" data-id=\"a2ff96d\" data-element_type=\"widget\" data-widget_type=\"heading.default\">\n\t\t\t\t<div class=\"elementor-widget-container\">\n\t\t\t<h2 class=\"elementor-heading-title elementor-size-default\">Parametry fr\u00e9zov\u00e1n\u00ed<\/h2>\t\t<\/div>\n\t\t\t\t<\/div>\n\t\t\t\t<div class=\"elementor-element elementor-element-8c0b95d elementor-widget elementor-widget-text-editor\" data-id=\"8c0b95d\" data-element_type=\"widget\" data-widget_type=\"text-editor.default\">\n\t\t\t\t<div class=\"elementor-widget-container\">\n\t\t\t\t\t\t\t<ul>\n \t<li>do rozm\u011bru 4000 x 2000 x 800 mm<\/li>\n \t<li>d\u00e9lka obrobku m\u016f\u017ee p\u0159es\u00e1hnout 4000 mm (oboustrann\u00e9 dve\u0159e)<\/li>\n \t<li>do v\u00e1hy 5 tun<\/li>\n \t<li>automatick\u00e1 \u00fahlov\u00e1 hlava s 5\u00b0 interpolac\u00ed<\/li>\n<\/ul>\t\t\t\t\t\t<\/div>\n\t\t\t\t<\/div>\n\t\t\t\t<div class=\"elementor-element elementor-element-be0b9c3 elementor-widget elementor-widget-heading\" data-id=\"be0b9c3\" data-element_type=\"widget\" data-widget_type=\"heading.default\">\n\t\t\t\t<div class=\"elementor-widget-container\">\n\t\t\t<h6 class=\"elementor-heading-title elementor-size-default\">Dal\u0161\u00ed mo\u017enosti fr\u00e9zov\u00e1n\u00ed<\/h6>\t\t<\/div>\n\t\t\t\t<\/div>\n\t\t\t\t<div class=\"elementor-element elementor-element-7aa6365 elementor-widget elementor-widget-text-editor\" data-id=\"7aa6365\" data-element_type=\"widget\" data-widget_type=\"text-editor.default\">\n\t\t\t\t<div class=\"elementor-widget-container\">\n\t\t\t\t\t\t\t<ul>\n \t<li>dr\u00e1\u017eky a plochy na velk\u00fdch h\u0159\u00eddel\u00edch<\/li>\n \t<li>mo\u017enost obr\u00e1b\u011bn\u00ed v\u00edce kus\u016f z\u00e1rove\u0148<\/li>\n \t<li>pou\u017eit\u00ed \u00fahlov\u00e9 hlavy<\/li>\n \t<li>dod\u00e1vky komplet\u016f v\u010detn\u011b povrchov\u00fdch \u00faprav a mont\u00e1\u017ee<\/li>\n<\/ul>\t\t\t\t\t\t<\/div>\n\t\t\t\t<\/div>\n\t\t\t\t\t<\/div>\n\t\t<\/div>\n\t\t\t\t\t<\/div>\n\t\t<\/section>\n\t\t\t\t<section class=\"elementor-section elementor-top-section elementor-element elementor-element-aa357ca elementor-section-boxed elementor-section-height-default elementor-section-height-default\" data-id=\"aa357ca\" data-element_type=\"section\">\n\t\t\t\t\t\t<div class=\"elementor-container elementor-column-gap-default\">\n\t\t\t\t\t<div class=\"elementor-column elementor-col-100 elementor-top-column elementor-element elementor-element-50a14cd\" data-id=\"50a14cd\" data-element_type=\"column\">\n\t\t\t<div class=\"elementor-widget-wrap elementor-element-populated\">\n\t\t\t\t\t\t<section class=\"elementor-section elementor-inner-section elementor-element elementor-element-fc4bb31 elementor-section-boxed elementor-section-height-default elementor-section-height-default\" data-id=\"fc4bb31\" data-element_type=\"section\">\n\t\t\t\t\t\t<div class=\"elementor-container elementor-column-gap-extended\">\n\t\t\t\t\t<div class=\"elementor-column elementor-col-100 elementor-inner-column elementor-element elementor-element-2abd428\" data-id=\"2abd428\" data-element_type=\"column\">\n\t\t\t<div class=\"elementor-widget-wrap\">\n\t\t\t\t\t\t\t<\/div>\n\t\t<\/div>\n\t\t\t\t\t<\/div>\n\t\t<\/section>\n\t\t\t\t\t<\/div>\n\t\t<\/div>\n\t\t\t\t\t<\/div>\n\t\t<\/section>\n\t\t\t\t<section class=\"elementor-section elementor-top-section elementor-element elementor-element-a6e2ef0 elementor-section-content-middle elementor-section-boxed elementor-section-height-default elementor-section-height-default\" data-id=\"a6e2ef0\" data-element_type=\"section\" data-settings=\"{&quot;background_background&quot;:&quot;classic&quot;}\">\n\t\t\t\t\t\t<div class=\"elementor-container elementor-column-gap-default\">\n\t\t\t\t\t<div class=\"elementor-column elementor-col-50 elementor-top-column elementor-element elementor-element-ba250ca\" data-id=\"ba250ca\" data-element_type=\"column\">\n\t\t\t<div class=\"elementor-widget-wrap elementor-element-populated\">\n\t\t\t\t\t\t<div class=\"elementor-element elementor-element-9903d1b elementor-widget elementor-widget-heading\" data-id=\"9903d1b\" data-element_type=\"widget\" data-widget_type=\"heading.default\">\n\t\t\t\t<div class=\"elementor-widget-container\">\n\t\t\t<h2 class=\"elementor-heading-title elementor-size-default\">M\u00e1te zaj\u00edmav\u00fd projekt? Ozv\u011bte se, pom\u016f\u017eeme...<\/h2>\t\t<\/div>\n\t\t\t\t<\/div>\n\t\t\t\t\t<\/div>\n\t\t<\/div>\n\t\t\t\t<div class=\"elementor-column elementor-col-50 elementor-top-column elementor-element elementor-element-7374947\" data-id=\"7374947\" data-element_type=\"column\">\n\t\t\t<div class=\"elementor-widget-wrap elementor-element-populated\">\n\t\t\t\t\t\t<div class=\"elementor-element elementor-element-34eded5 elementor-align-right elementor-widget elementor-widget-button\" data-id=\"34eded5\" data-element_type=\"widget\" data-widget_type=\"button.default\">\n\t\t\t\t<div class=\"elementor-widget-container\">\n\t\t\t\t\t\t\t<div class=\"elementor-button-wrapper\">\n\t\t\t\t\t<a class=\"elementor-button elementor-button-link elementor-size-sm\" href=\"http:\/\/o-design.cz\/sogroup\/kontakty\/\">\n\t\t\t\t\t\t<span class=\"elementor-button-content-wrapper\">\n\t\t\t\t\t\t\t\t\t<span class=\"elementor-button-text\">Kontaktujte n\u00e1s<\/span>\n\t\t\t\t\t<\/span>\n\t\t\t\t\t<\/a>\n\t\t\t\t<\/div>\n\t\t\t\t\t\t<\/div>\n\t\t\t\t<\/div>\n\t\t\t\t\t<\/div>\n\t\t<\/div>\n\t\t\t\t\t<\/div>\n\t\t<\/section>\n\t\t\t\t<\/div>\n\t\t","protected":false},"excerpt":{"rendered":"<p>Fr\u00e9zov\u00e1n\u00ed Obr\u00e1b\u00edme p\u0159edev\u0161\u00edm v\u00fdrobky deskov\u00e9ho typu, sva\u0159ence a odlitky, kde spl\u0148ujeme vysok\u00e9 po\u017eadavky na p\u0159esnost fr\u00e9zovan\u00fdch ploch, vysok\u00e9 n\u00e1roky na mno\u017estv\u00ed a [&hellip;]<\/p>\n","protected":false},"author":1,"featured_media":0,"parent":0,"menu_order":0,"comment_status":"closed","ping_status":"closed","template":"page-templates\/page_front-page.php","meta":{"footnotes":""},"class_list":["post-1104","page","type-page","status-publish","hentry"],"_links":{"self":[{"href":"http:\/\/o-design.cz\/sogroup\/wp-json\/wp\/v2\/pages\/1104","targetHints":{"allow":["GET"]}}],"collection":[{"href":"http:\/\/o-design.cz\/sogroup\/wp-json\/wp\/v2\/pages"}],"about":[{"href":"http:\/\/o-design.cz\/sogroup\/wp-json\/wp\/v2\/types\/page"}],"author":[{"embeddable":true,"href":"http:\/\/o-design.cz\/sogroup\/wp-json\/wp\/v2\/users\/1"}],"replies":[{"embeddable":true,"href":"http:\/\/o-design.cz\/sogroup\/wp-json\/wp\/v2\/comments?post=1104"}],"version-history":[{"count":28,"href":"http:\/\/o-design.cz\/sogroup\/wp-json\/wp\/v2\/pages\/1104\/revisions"}],"predecessor-version":[{"id":1191,"href":"http:\/\/o-design.cz\/sogroup\/wp-json\/wp\/v2\/pages\/1104\/revisions\/1191"}],"wp:attachment":[{"href":"http:\/\/o-design.cz\/sogroup\/wp-json\/wp\/v2\/media?parent=1104"}],"curies":[{"name":"wp","href":"https:\/\/api.w.org\/{rel}","templated":true}]}}