{"id":556,"date":"2021-11-02T08:56:58","date_gmt":"2021-11-02T08:56:58","guid":{"rendered":"https:\/\/demo.athemes.com\/sydney-main\/?page_id=556"},"modified":"2024-09-19T10:28:36","modified_gmt":"2024-09-19T08:28:36","slug":"vyrabime-umime","status":"publish","type":"page","link":"http:\/\/o-design.cz\/sogroup\/vyrabime-umime\/","title":{"rendered":"Vyr\u00e1b\u00edme, um\u00edme"},"content":{"rendered":"\t\t<div data-elementor-type=\"wp-page\" data-elementor-id=\"556\" class=\"elementor elementor-556\">\n\t\t\t\t\t\t<section class=\"elementor-section elementor-top-section elementor-element elementor-element-2fa13c5 elementor-section-boxed elementor-section-height-default elementor-section-height-default\" data-id=\"2fa13c5\" data-element_type=\"section\" data-settings=\"{&quot;background_background&quot;:&quot;classic&quot;}\">\n\t\t\t\t\t\t<div class=\"elementor-container elementor-column-gap-default\">\n\t\t\t\t\t<div class=\"elementor-column elementor-col-100 elementor-top-column elementor-element elementor-element-168df36\" data-id=\"168df36\" data-element_type=\"column\">\n\t\t\t<div class=\"elementor-widget-wrap elementor-element-populated\">\n\t\t\t\t\t\t<div class=\"elementor-element elementor-element-3170bd4 elementor-widget elementor-widget-heading\" data-id=\"3170bd4\" data-element_type=\"widget\" data-widget_type=\"heading.default\">\n\t\t\t\t<div class=\"elementor-widget-container\">\n\t\t\t<h2 class=\"elementor-heading-title elementor-size-default\">Vyr\u00e1b\u00edme, um\u00edme<\/h2>\t\t<\/div>\n\t\t\t\t<\/div>\n\t\t\t\t<section class=\"elementor-section elementor-inner-section elementor-element elementor-element-06834fe elementor-section-boxed elementor-section-height-default elementor-section-height-default\" data-id=\"06834fe\" data-element_type=\"section\">\n\t\t\t\t\t\t<div class=\"elementor-container elementor-column-gap-extended\">\n\t\t\t\t\t<div class=\"elementor-column elementor-col-33 elementor-inner-column elementor-element elementor-element-624ab7c\" data-id=\"624ab7c\" data-element_type=\"column\">\n\t\t\t<div class=\"elementor-widget-wrap elementor-element-populated\">\n\t\t\t\t\t\t<div class=\"elementor-element elementor-element-0a5d374 elementor-view-stacked elementor-shape-circle elementor-position-top elementor-mobile-position-top elementor-widget elementor-widget-icon-box\" data-id=\"0a5d374\" data-element_type=\"widget\" data-widget_type=\"icon-box.default\">\n\t\t\t\t<div class=\"elementor-widget-container\">\n\t\t\t\t\t<div class=\"elementor-icon-box-wrapper\">\n\n\t\t\t\t\t\t<div class=\"elementor-icon-box-icon\">\n\t\t\t\t<a href=\"http:\/\/o-design.cz\/sogroup\/technicke-valce\/\" class=\"elementor-icon elementor-animation-\" tabindex=\"-1\">\n\t\t\t\t<svg aria-hidden=\"true\" class=\"e-font-icon-svg e-fas-slash\" viewBox=\"0 0 640 512\" xmlns=\"http:\/\/www.w3.org\/2000\/svg\"><path d=\"M594.53 508.63L6.18 53.9c-6.97-5.42-8.23-15.47-2.81-22.45L23.01 6.18C28.43-.8 38.49-2.06 45.47 3.37L633.82 458.1c6.97 5.42 8.23 15.47 2.81 22.45l-19.64 25.27c-5.42 6.98-15.48 8.23-22.46 2.81z\"><\/path><\/svg>\t\t\t\t<\/a>\n\t\t\t<\/div>\n\t\t\t\n\t\t\t\t\t\t<div class=\"elementor-icon-box-content\">\n\n\t\t\t\t\t\t\t\t\t<h3 class=\"elementor-icon-box-title\">\n\t\t\t\t\t\t<a href=\"http:\/\/o-design.cz\/sogroup\/technicke-valce\/\" >\n\t\t\t\t\t\t\tTechnick\u00e9 v\u00e1lce\t\t\t\t\t\t<\/a>\n\t\t\t\t\t<\/h3>\n\t\t\t\t\n\t\t\t\t\t\t\t\t\t<p class=\"elementor-icon-box-description\">\n\t\t\t\t\t\tVyr\u00e1b\u00edme technick\u00e9 v\u00e1lce pro r\u016fzn\u00e9 pr\u016fmyslov\u00e9 odv\u011btv\u00ed, v \u0161irok\u00e9 \u0161k\u00e1le proveden\u00ed, materi\u00e1l\u016f, povrch\u016f, n\u00e1rok\u016f na prost\u0159ed\u00ed, rychlosti ot\u00e1\u010den\u00ed, statick\u00e9ho a dynamick\u00e9ho vyv\u00e1\u017een\u00ed.\t\t\t\t\t<\/p>\n\t\t\t\t\n\t\t\t<\/div>\n\t\t\t\n\t\t<\/div>\n\t\t\t\t<\/div>\n\t\t\t\t<\/div>\n\t\t\t\t\t<\/div>\n\t\t<\/div>\n\t\t\t\t<div class=\"elementor-column elementor-col-33 elementor-inner-column elementor-element elementor-element-6d32c61\" data-id=\"6d32c61\" data-element_type=\"column\">\n\t\t\t<div class=\"elementor-widget-wrap elementor-element-populated\">\n\t\t\t\t\t\t<div class=\"elementor-element elementor-element-622100a elementor-view-stacked elementor-shape-circle elementor-position-top elementor-mobile-position-top elementor-widget elementor-widget-icon-box\" data-id=\"622100a\" data-element_type=\"widget\" data-widget_type=\"icon-box.default\">\n\t\t\t\t<div class=\"elementor-widget-container\">\n\t\t\t\t\t<div class=\"elementor-icon-box-wrapper\">\n\n\t\t\t\t\t\t<div class=\"elementor-icon-box-icon\">\n\t\t\t\t<a href=\"http:\/\/o-design.cz\/sogroup\/hridele\/\" class=\"elementor-icon elementor-animation-\" tabindex=\"-1\">\n\t\t\t\t<svg aria-hidden=\"true\" class=\"e-font-icon-svg e-fas-highlighter\" viewBox=\"0 0 544 512\" xmlns=\"http:\/\/www.w3.org\/2000\/svg\"><path d=\"M0 479.98L99.92 512l35.45-35.45-67.04-67.04L0 479.98zm124.61-240.01a36.592 36.592 0 0 0-10.79 38.1l13.05 42.83-50.93 50.94 96.23 96.23 50.86-50.86 42.74 13.08c13.73 4.2 28.65-.01 38.15-10.78l35.55-41.64-173.34-173.34-41.52 35.44zm403.31-160.7l-63.2-63.2c-20.49-20.49-53.38-21.52-75.12-2.35L190.55 183.68l169.77 169.78L530.27 154.4c19.18-21.74 18.15-54.63-2.35-75.13z\"><\/path><\/svg>\t\t\t\t<\/a>\n\t\t\t<\/div>\n\t\t\t\n\t\t\t\t\t\t<div class=\"elementor-icon-box-content\">\n\n\t\t\t\t\t\t\t\t\t<h3 class=\"elementor-icon-box-title\">\n\t\t\t\t\t\t<a href=\"http:\/\/o-design.cz\/sogroup\/hridele\/\" >\n\t\t\t\t\t\t\tH\u0159\u00eddele\t\t\t\t\t\t<\/a>\n\t\t\t\t\t<\/h3>\n\t\t\t\t\n\t\t\t\t\t\t\t\t\t<p class=\"elementor-icon-box-description\">\n\t\t\t\t\t\tV posledn\u00edch letech jsme v\u00fdrazn\u011b investovali do roz\u0161\u00ed\u0159en\u00ed strojov\u00e9ho parku. V t\u00e9to chv\u00edli m\u00e1me modern\u00ed CNC brus\u00edrnu s vybaven\u00edm pro brou\u0161en\u00ed velmi p\u0159esn\u00fdch h\u0159\u00eddel\u00ed.\t\t\t\t\t<\/p>\n\t\t\t\t\n\t\t\t<\/div>\n\t\t\t\n\t\t<\/div>\n\t\t\t\t<\/div>\n\t\t\t\t<\/div>\n\t\t\t\t\t<\/div>\n\t\t<\/div>\n\t\t\t\t<div class=\"elementor-column elementor-col-33 elementor-inner-column elementor-element elementor-element-2b6fcc4\" data-id=\"2b6fcc4\" data-element_type=\"column\">\n\t\t\t<div class=\"elementor-widget-wrap elementor-element-populated\">\n\t\t\t\t\t\t<div class=\"elementor-element elementor-element-58c6162 elementor-view-stacked elementor-shape-circle elementor-position-top elementor-mobile-position-top elementor-widget elementor-widget-icon-box\" data-id=\"58c6162\" data-element_type=\"widget\" data-widget_type=\"icon-box.default\">\n\t\t\t\t<div class=\"elementor-widget-container\">\n\t\t\t\t\t<div class=\"elementor-icon-box-wrapper\">\n\n\t\t\t\t\t\t<div class=\"elementor-icon-box-icon\">\n\t\t\t\t<a href=\"http:\/\/o-design.cz\/sogroup\/brouseni\/\" class=\"elementor-icon elementor-animation-\" tabindex=\"-1\">\n\t\t\t\t<svg aria-hidden=\"true\" class=\"e-font-icon-svg e-fas-bacon\" viewBox=\"0 0 576 512\" xmlns=\"http:\/\/www.w3.org\/2000\/svg\"><path d=\"M218.92 336.39c34.89-34.89 44.2-59.7 54.05-86 10.61-28.29 21.59-57.54 61.37-97.34s69.05-50.77 97.35-61.38c23.88-9 46.64-17.68 76.79-45.37L470.81 8.91a31 31 0 0 0-40.18-2.83c-13.64 10.1-25.15 14.39-41 20.3C247 79.52 209.26 191.29 200.65 214.1c-29.75 78.83-89.55 94.68-98.72 98.09-24.86 9.26-54.73 20.38-91.07 50.36C-3 374-3.63 395 9.07 407.61l35.76 35.51C80 410.52 107 400.15 133 390.39c26.27-9.84 51.06-19.12 85.92-54zm348-232l-35.75-35.51c-35.19 32.63-62.18 43-88.25 52.79-26.26 9.85-51.06 19.16-85.95 54s-44.19 59.69-54 86C292.33 290 281.34 319.22 241.55 359s-69 50.73-97.3 61.32c-23.86 9-46.61 17.66-76.72 45.33l37.68 37.43a31 31 0 0 0 40.18 2.82c13.6-10.06 25.09-14.34 40.94-20.24 142.2-53 180-164.1 188.94-187.69C405 219.18 464.8 203.3 474 199.86c24.87-9.27 54.74-20.4 91.11-50.41 13.89-11.4 14.52-32.45 1.82-45.05z\"><\/path><\/svg>\t\t\t\t<\/a>\n\t\t\t<\/div>\n\t\t\t\n\t\t\t\t\t\t<div class=\"elementor-icon-box-content\">\n\n\t\t\t\t\t\t\t\t\t<h3 class=\"elementor-icon-box-title\">\n\t\t\t\t\t\t<a href=\"http:\/\/o-design.cz\/sogroup\/brouseni\/\" >\n\t\t\t\t\t\t\tBrou\u0161en\u00ed\t\t\t\t\t\t<\/a>\n\t\t\t\t\t<\/h3>\n\t\t\t\t\n\t\t\t\t\t\t\t\t\t<p class=\"elementor-icon-box-description\">\n\t\t\t\t\t\tDisponujeme modern\u00ed CNC brus\u00edrnou s brou\u0161en\u00edm na kulato.<br>\n\nJedn\u00e1 se o samostatn\u00fd klimatizovan\u00fd objekt, vybaven\u00fd modern\u00edmi n\u00e1stroji a p\u0159esn\u00fdmi m\u011b\u0159idly.\t\t\t\t\t<\/p>\n\t\t\t\t\n\t\t\t<\/div>\n\t\t\t\n\t\t<\/div>\n\t\t\t\t<\/div>\n\t\t\t\t<\/div>\n\t\t\t\t\t<\/div>\n\t\t<\/div>\n\t\t\t\t\t<\/div>\n\t\t<\/section>\n\t\t\t\t<section class=\"elementor-section elementor-inner-section elementor-element elementor-element-1b9cd4e elementor-section-boxed elementor-section-height-default elementor-section-height-default\" data-id=\"1b9cd4e\" data-element_type=\"section\">\n\t\t\t\t\t\t<div class=\"elementor-container elementor-column-gap-extended\">\n\t\t\t\t\t<div class=\"elementor-column elementor-col-33 elementor-inner-column elementor-element elementor-element-73c3499\" data-id=\"73c3499\" data-element_type=\"column\">\n\t\t\t<div class=\"elementor-widget-wrap elementor-element-populated\">\n\t\t\t\t\t\t<div class=\"elementor-element elementor-element-4242f05 elementor-view-stacked elementor-shape-circle elementor-position-top elementor-mobile-position-top elementor-widget elementor-widget-icon-box\" data-id=\"4242f05\" data-element_type=\"widget\" data-widget_type=\"icon-box.default\">\n\t\t\t\t<div class=\"elementor-widget-container\">\n\t\t\t\t\t<div class=\"elementor-icon-box-wrapper\">\n\n\t\t\t\t\t\t<div class=\"elementor-icon-box-icon\">\n\t\t\t\t<a href=\"http:\/\/o-design.cz\/sogroup\/frezovani\/\" class=\"elementor-icon elementor-animation-\" tabindex=\"-1\">\n\t\t\t\t<svg aria-hidden=\"true\" class=\"e-font-icon-svg e-fas-spinner\" viewBox=\"0 0 512 512\" xmlns=\"http:\/\/www.w3.org\/2000\/svg\"><path d=\"M304 48c0 26.51-21.49 48-48 48s-48-21.49-48-48 21.49-48 48-48 48 21.49 48 48zm-48 368c-26.51 0-48 21.49-48 48s21.49 48 48 48 48-21.49 48-48-21.49-48-48-48zm208-208c-26.51 0-48 21.49-48 48s21.49 48 48 48 48-21.49 48-48-21.49-48-48-48zM96 256c0-26.51-21.49-48-48-48S0 229.49 0 256s21.49 48 48 48 48-21.49 48-48zm12.922 99.078c-26.51 0-48 21.49-48 48s21.49 48 48 48 48-21.49 48-48c0-26.509-21.491-48-48-48zm294.156 0c-26.51 0-48 21.49-48 48s21.49 48 48 48 48-21.49 48-48c0-26.509-21.49-48-48-48zM108.922 60.922c-26.51 0-48 21.49-48 48s21.49 48 48 48 48-21.49 48-48-21.491-48-48-48z\"><\/path><\/svg>\t\t\t\t<\/a>\n\t\t\t<\/div>\n\t\t\t\n\t\t\t\t\t\t<div class=\"elementor-icon-box-content\">\n\n\t\t\t\t\t\t\t\t\t<h3 class=\"elementor-icon-box-title\">\n\t\t\t\t\t\t<a href=\"http:\/\/o-design.cz\/sogroup\/frezovani\/\" >\n\t\t\t\t\t\t\tFr\u00e9zov\u00e1n\u00ed\t\t\t\t\t\t<\/a>\n\t\t\t\t\t<\/h3>\n\t\t\t\t\n\t\t\t\t\t\t\t\t\t<p class=\"elementor-icon-box-description\">\n\t\t\t\t\t\tObr\u00e1b\u00edme p\u0159edev\u0161\u00edm v\u00fdrobky deskov\u00e9ho typu, sva\u0159ence a odlitky, kde spl\u0148ujeme vysok\u00e9 po\u017eadavky na p\u0159esnost fr\u00e9zovan\u00fdch ploch, vysok\u00e9 n\u00e1roky na mno\u017estv\u00ed a p\u0159esnost obr\u00e1b\u011bn\u00ed otvor\u016f, z\u00e1vit\u016f, dr\u00e1\u017eek, apod..\t\t\t\t\t<\/p>\n\t\t\t\t\n\t\t\t<\/div>\n\t\t\t\n\t\t<\/div>\n\t\t\t\t<\/div>\n\t\t\t\t<\/div>\n\t\t\t\t\t<\/div>\n\t\t<\/div>\n\t\t\t\t<div class=\"elementor-column elementor-col-33 elementor-inner-column elementor-element elementor-element-c4cc41e\" data-id=\"c4cc41e\" data-element_type=\"column\">\n\t\t\t<div class=\"elementor-widget-wrap\">\n\t\t\t\t\t\t\t<\/div>\n\t\t<\/div>\n\t\t\t\t<div class=\"elementor-column elementor-col-33 elementor-inner-column elementor-element elementor-element-6ab7637\" data-id=\"6ab7637\" data-element_type=\"column\">\n\t\t\t<div class=\"elementor-widget-wrap\">\n\t\t\t\t\t\t\t<\/div>\n\t\t<\/div>\n\t\t\t\t\t<\/div>\n\t\t<\/section>\n\t\t\t\t\t<\/div>\n\t\t<\/div>\n\t\t\t\t\t<\/div>\n\t\t<\/section>\n\t\t\t\t<section class=\"elementor-section elementor-top-section elementor-element elementor-element-133d960 elementor-section-content-middle elementor-reverse-mobile elementor-section-boxed elementor-section-height-default elementor-section-height-default\" data-id=\"133d960\" data-element_type=\"section\" data-settings=\"{&quot;background_background&quot;:&quot;classic&quot;}\">\n\t\t\t\t\t\t<div class=\"elementor-container elementor-column-gap-default\">\n\t\t\t\t\t<div class=\"elementor-column elementor-col-50 elementor-top-column elementor-element elementor-element-5325f7e\" data-id=\"5325f7e\" data-element_type=\"column\">\n\t\t\t<div class=\"elementor-widget-wrap elementor-element-populated\">\n\t\t\t\t\t\t<div class=\"elementor-element elementor-element-a2fbefc elementor-widget elementor-widget-heading\" data-id=\"a2fbefc\" data-element_type=\"widget\" data-widget_type=\"heading.default\">\n\t\t\t\t<div class=\"elementor-widget-container\">\n\t\t\t<h6 class=\"elementor-heading-title elementor-size-default\">NA\u0160E NAB\u00cdDKA<\/h6>\t\t<\/div>\n\t\t\t\t<\/div>\n\t\t\t\t<div class=\"elementor-element elementor-element-eb255c3 elementor-widget elementor-widget-heading\" data-id=\"eb255c3\" data-element_type=\"widget\" data-widget_type=\"heading.default\">\n\t\t\t\t<div class=\"elementor-widget-container\">\n\t\t\t<h2 class=\"elementor-heading-title elementor-size-default\">Poradenstv\u00ed, konstruk\u010dn\u00ed n\u00e1vrhy, realizace celk\u016f v\u010detn\u011b mont\u00e1\u017ee u z\u00e1kazn\u00edka.<\/h2>\t\t<\/div>\n\t\t\t\t<\/div>\n\t\t\t\t<div class=\"elementor-element elementor-element-d9fe672 elementor-widget elementor-widget-text-editor\" data-id=\"d9fe672\" data-element_type=\"widget\" data-widget_type=\"text-editor.default\">\n\t\t\t\t<div class=\"elementor-widget-container\">\n\t\t\t\t\t\t\t<p>Disponujeme modern\u00ed CNC soustru\u017enou a CNC brus\u00edrnou s brou\u0161en\u00edm na kulato, fr\u00e9zov\u00e1n\u00ed a\u017e do velikosti 4000&#215;2000 mm na modern\u00edch CNC port\u00e1lov\u00fdch fr\u00e9z\u00e1ch, dynamick\u00fdm vyva\u017eov\u00e1n\u00edm do d\u00e9lky 6000 mm.<\/p>\t\t\t\t\t\t<\/div>\n\t\t\t\t<\/div>\n\t\t\t\t<div class=\"elementor-element elementor-element-932251f elementor-align-left elementor-widget elementor-widget-button\" data-id=\"932251f\" data-element_type=\"widget\" data-widget_type=\"button.default\">\n\t\t\t\t<div class=\"elementor-widget-container\">\n\t\t\t\t\t\t\t<div class=\"elementor-button-wrapper\">\n\t\t\t\t\t<a class=\"elementor-button elementor-button-link elementor-size-sm\" href=\"http:\/\/o-design.cz\/sogroup\/contact\/\">\n\t\t\t\t\t\t<span class=\"elementor-button-content-wrapper\">\n\t\t\t\t\t\t\t\t\t<span class=\"elementor-button-text\">KONTAKTY<\/span>\n\t\t\t\t\t<\/span>\n\t\t\t\t\t<\/a>\n\t\t\t\t<\/div>\n\t\t\t\t\t\t<\/div>\n\t\t\t\t<\/div>\n\t\t\t\t\t<\/div>\n\t\t<\/div>\n\t\t\t\t<div class=\"elementor-column elementor-col-50 elementor-top-column elementor-element elementor-element-7e0e42c\" data-id=\"7e0e42c\" data-element_type=\"column\">\n\t\t\t<div class=\"elementor-widget-wrap elementor-element-populated\">\n\t\t\t\t\t\t<div class=\"elementor-element elementor-element-8c934c6 stretch-right elementor-widget__width-initial elementor-widget elementor-widget-image\" data-id=\"8c934c6\" data-element_type=\"widget\" data-widget_type=\"image.default\">\n\t\t\t\t<div class=\"elementor-widget-container\">\n\t\t\t\t\t\t\t\t\t\t\t\t\t<img fetchpriority=\"high\" decoding=\"async\" width=\"1024\" height=\"879\" src=\"http:\/\/o-design.cz\/sogroup\/wp-content\/uploads\/2024\/05\/hridel-1024x879.png\" class=\"attachment-large size-large wp-image-909\" alt=\"\" srcset=\"http:\/\/o-design.cz\/sogroup\/wp-content\/uploads\/2024\/05\/hridel-1024x879.png 1024w, http:\/\/o-design.cz\/sogroup\/wp-content\/uploads\/2024\/05\/hridel-300x258.png 300w, http:\/\/o-design.cz\/sogroup\/wp-content\/uploads\/2024\/05\/hridel-768x660.png 768w, http:\/\/o-design.cz\/sogroup\/wp-content\/uploads\/2024\/05\/hridel-1536x1319.png 1536w, http:\/\/o-design.cz\/sogroup\/wp-content\/uploads\/2024\/05\/hridel-1000x859.png 1000w, http:\/\/o-design.cz\/sogroup\/wp-content\/uploads\/2024\/05\/hridel-230x198.png 230w, http:\/\/o-design.cz\/sogroup\/wp-content\/uploads\/2024\/05\/hridel-350x301.png 350w, http:\/\/o-design.cz\/sogroup\/wp-content\/uploads\/2024\/05\/hridel-480x412.png 480w, http:\/\/o-design.cz\/sogroup\/wp-content\/uploads\/2024\/05\/hridel.png 1600w\" sizes=\"(max-width: 1024px) 100vw, 1024px\" \/>\t\t\t\t\t\t\t\t\t\t\t\t\t<\/div>\n\t\t\t\t<\/div>\n\t\t\t\t\t<\/div>\n\t\t<\/div>\n\t\t\t\t\t<\/div>\n\t\t<\/section>\n\t\t\t\t<section class=\"elementor-section elementor-top-section elementor-element elementor-element-4f87fe4 elementor-section-boxed elementor-section-height-default elementor-section-height-default\" data-id=\"4f87fe4\" data-element_type=\"section\" data-settings=\"{&quot;background_background&quot;:&quot;classic&quot;}\">\n\t\t\t\t\t\t<div class=\"elementor-container elementor-column-gap-default\">\n\t\t\t\t\t<div class=\"elementor-column elementor-col-100 elementor-top-column elementor-element elementor-element-475d587\" data-id=\"475d587\" data-element_type=\"column\">\n\t\t\t<div class=\"elementor-widget-wrap elementor-element-populated\">\n\t\t\t\t\t\t<div class=\"elementor-element elementor-element-fba293d elementor-widget elementor-widget-heading\" data-id=\"fba293d\" data-element_type=\"widget\" data-widget_type=\"heading.default\">\n\t\t\t\t<div class=\"elementor-widget-container\">\n\t\t\t<h6 class=\"elementor-heading-title elementor-size-default\">hlavn\u00ed zam\u011b\u0159en\u00ed<\/h6>\t\t<\/div>\n\t\t\t\t<\/div>\n\t\t\t\t<div class=\"elementor-element elementor-element-c696942 elementor-widget elementor-widget-heading\" data-id=\"c696942\" data-element_type=\"widget\" data-widget_type=\"heading.default\">\n\t\t\t\t<div class=\"elementor-widget-container\">\n\t\t\t<h2 class=\"elementor-heading-title elementor-size-default\">Obr\u00e1b\u00edme ocel v\u010detn\u011b nerezov\u00e9, ocelolitinu, barevn\u00e9 kovy, hlin\u00edk a slitiny hlin\u00edku, technick\u00e9 plasty a ostatn\u00ed materi\u00e1ly.<\/h2>\t\t<\/div>\n\t\t\t\t<\/div>\n\t\t\t\t<section class=\"elementor-section elementor-inner-section elementor-element elementor-element-5f00f17 elementor-section-content-middle elementor-section-boxed elementor-section-height-default elementor-section-height-default\" data-id=\"5f00f17\" data-element_type=\"section\">\n\t\t\t\t\t\t<div class=\"elementor-container elementor-column-gap-no\">\n\t\t\t\t\t<div class=\"elementor-column elementor-col-50 elementor-inner-column elementor-element elementor-element-c57c0e2\" data-id=\"c57c0e2\" data-element_type=\"column\">\n\t\t\t<div class=\"elementor-widget-wrap elementor-element-populated\">\n\t\t\t\t\t\t<div class=\"elementor-element elementor-element-13d44aa elementor-widget elementor-widget-image\" data-id=\"13d44aa\" data-element_type=\"widget\" data-widget_type=\"image.default\">\n\t\t\t\t<div class=\"elementor-widget-container\">\n\t\t\t\t\t\t\t\t\t\t\t\t\t<img decoding=\"async\" width=\"1024\" height=\"768\" src=\"http:\/\/o-design.cz\/sogroup\/wp-content\/uploads\/2024\/05\/valec01-1024x768.png\" class=\"attachment-large size-large wp-image-914\" alt=\"\" srcset=\"http:\/\/o-design.cz\/sogroup\/wp-content\/uploads\/2024\/05\/valec01-1024x768.png 1024w, http:\/\/o-design.cz\/sogroup\/wp-content\/uploads\/2024\/05\/valec01-300x225.png 300w, http:\/\/o-design.cz\/sogroup\/wp-content\/uploads\/2024\/05\/valec01-768x576.png 768w, http:\/\/o-design.cz\/sogroup\/wp-content\/uploads\/2024\/05\/valec01-1536x1152.png 1536w, http:\/\/o-design.cz\/sogroup\/wp-content\/uploads\/2024\/05\/valec01-1000x750.png 1000w, http:\/\/o-design.cz\/sogroup\/wp-content\/uploads\/2024\/05\/valec01-230x173.png 230w, http:\/\/o-design.cz\/sogroup\/wp-content\/uploads\/2024\/05\/valec01-350x263.png 350w, http:\/\/o-design.cz\/sogroup\/wp-content\/uploads\/2024\/05\/valec01-480x360.png 480w, http:\/\/o-design.cz\/sogroup\/wp-content\/uploads\/2024\/05\/valec01.png 1600w\" sizes=\"(max-width: 1024px) 100vw, 1024px\" \/>\t\t\t\t\t\t\t\t\t\t\t\t\t<\/div>\n\t\t\t\t<\/div>\n\t\t\t\t\t<\/div>\n\t\t<\/div>\n\t\t\t\t<div class=\"elementor-column elementor-col-50 elementor-inner-column elementor-element elementor-element-814e7e3\" data-id=\"814e7e3\" data-element_type=\"column\">\n\t\t\t<div class=\"elementor-widget-wrap elementor-element-populated\">\n\t\t\t\t\t\t<div class=\"elementor-element elementor-element-7d0a711 elementor-view-stacked elementor-position-left elementor-shape-circle elementor-mobile-position-top elementor-vertical-align-top elementor-widget elementor-widget-icon-box\" data-id=\"7d0a711\" data-element_type=\"widget\" data-widget_type=\"icon-box.default\">\n\t\t\t\t<div class=\"elementor-widget-container\">\n\t\t\t\t\t<div class=\"elementor-icon-box-wrapper\">\n\n\t\t\t\t\t\t<div class=\"elementor-icon-box-icon\">\n\t\t\t\t<span  class=\"elementor-icon elementor-animation-\">\n\t\t\t\t<svg aria-hidden=\"true\" class=\"e-font-icon-svg e-fas-image\" viewBox=\"0 0 512 512\" xmlns=\"http:\/\/www.w3.org\/2000\/svg\"><path d=\"M464 448H48c-26.51 0-48-21.49-48-48V112c0-26.51 21.49-48 48-48h416c26.51 0 48 21.49 48 48v288c0 26.51-21.49 48-48 48zM112 120c-30.928 0-56 25.072-56 56s25.072 56 56 56 56-25.072 56-56-25.072-56-56-56zM64 384h384V272l-87.515-87.515c-4.686-4.686-12.284-4.686-16.971 0L208 320l-55.515-55.515c-4.686-4.686-12.284-4.686-16.971 0L64 336v48z\"><\/path><\/svg>\t\t\t\t<\/span>\n\t\t\t<\/div>\n\t\t\t\n\t\t\t\t\t\t<div class=\"elementor-icon-box-content\">\n\n\t\t\t\t\t\t\t\t\t<h3 class=\"elementor-icon-box-title\">\n\t\t\t\t\t\t<span  >\n\t\t\t\t\t\t\tTechnick\u00e9 v\u00e1lce\t\t\t\t\t\t<\/span>\n\t\t\t\t\t<\/h3>\n\t\t\t\t\n\t\t\t\t\t\t\t\t\t<p class=\"elementor-icon-box-description\">\n\t\t\t\t\t\tVyr\u00e1b\u00edme technick\u00e9 v\u00e1lce pro r\u016fzn\u00e9 pr\u016fmyslov\u00e9 odv\u011btv\u00ed, v \u0161irok\u00e9 \u0161k\u00e1le proveden\u00ed, materi\u00e1l\u016f, povrch\u016f, n\u00e1rok\u016f na prost\u0159ed\u00ed, rychlosti ot\u00e1\u010den\u00ed, statick\u00e9ho a dynamick\u00e9ho vyv\u00e1\u017een\u00ed.\t\t\t\t\t<\/p>\n\t\t\t\t\n\t\t\t<\/div>\n\t\t\t\n\t\t<\/div>\n\t\t\t\t<\/div>\n\t\t\t\t<\/div>\n\t\t\t\t<div class=\"elementor-element elementor-element-85da123 elementor-view-stacked elementor-position-left elementor-shape-circle elementor-mobile-position-top elementor-vertical-align-top elementor-widget elementor-widget-icon-box\" data-id=\"85da123\" data-element_type=\"widget\" data-widget_type=\"icon-box.default\">\n\t\t\t\t<div class=\"elementor-widget-container\">\n\t\t\t\t\t<div class=\"elementor-icon-box-wrapper\">\n\n\t\t\t\t\t\t<div class=\"elementor-icon-box-icon\">\n\t\t\t\t<span  class=\"elementor-icon elementor-animation-\">\n\t\t\t\t<svg aria-hidden=\"true\" class=\"e-font-icon-svg e-fas-image\" viewBox=\"0 0 512 512\" xmlns=\"http:\/\/www.w3.org\/2000\/svg\"><path d=\"M464 448H48c-26.51 0-48-21.49-48-48V112c0-26.51 21.49-48 48-48h416c26.51 0 48 21.49 48 48v288c0 26.51-21.49 48-48 48zM112 120c-30.928 0-56 25.072-56 56s25.072 56 56 56 56-25.072 56-56-25.072-56-56-56zM64 384h384V272l-87.515-87.515c-4.686-4.686-12.284-4.686-16.971 0L208 320l-55.515-55.515c-4.686-4.686-12.284-4.686-16.971 0L64 336v48z\"><\/path><\/svg>\t\t\t\t<\/span>\n\t\t\t<\/div>\n\t\t\t\n\t\t\t\t\t\t<div class=\"elementor-icon-box-content\">\n\n\t\t\t\t\t\t\t\t\t<h3 class=\"elementor-icon-box-title\">\n\t\t\t\t\t\t<span  >\n\t\t\t\t\t\t\tP\u0159esn\u00e9 h\u0159\u00eddele\t\t\t\t\t\t<\/span>\n\t\t\t\t\t<\/h3>\n\t\t\t\t\n\t\t\t\t\t\t\t\t\t<p class=\"elementor-icon-box-description\">\n\t\t\t\t\t\tPosledn\u00ed roky se specializujeme na v\u00fdrobu p\u0159esn\u00fdch h\u0159\u00eddel\u00ed. M\u00e1me modern\u00ed CNC brus\u00edrnu s vybaven\u00edm pro brou\u0161en\u00ed velmi p\u0159esn\u00fdch h\u0159\u00eddel\u00ed.\t\t\t\t\t<\/p>\n\t\t\t\t\n\t\t\t<\/div>\n\t\t\t\n\t\t<\/div>\n\t\t\t\t<\/div>\n\t\t\t\t<\/div>\n\t\t\t\t\t<\/div>\n\t\t<\/div>\n\t\t\t\t\t<\/div>\n\t\t<\/section>\n\t\t\t\t\t<\/div>\n\t\t<\/div>\n\t\t\t\t\t<\/div>\n\t\t<\/section>\n\t\t\t\t<section class=\"elementor-section elementor-top-section elementor-element elementor-element-a868d12 elementor-section-content-middle elementor-section-boxed elementor-section-height-default elementor-section-height-default\" data-id=\"a868d12\" data-element_type=\"section\" data-settings=\"{&quot;background_background&quot;:&quot;classic&quot;}\">\n\t\t\t\t\t\t<div class=\"elementor-container elementor-column-gap-default\">\n\t\t\t\t\t<div class=\"elementor-column elementor-col-50 elementor-top-column elementor-element elementor-element-0b3e722\" data-id=\"0b3e722\" data-element_type=\"column\">\n\t\t\t<div class=\"elementor-widget-wrap elementor-element-populated\">\n\t\t\t\t\t\t<div class=\"elementor-element elementor-element-0cb77c1 elementor-widget elementor-widget-heading\" data-id=\"0cb77c1\" data-element_type=\"widget\" data-widget_type=\"heading.default\">\n\t\t\t\t<div class=\"elementor-widget-container\">\n\t\t\t<h2 class=\"elementor-heading-title elementor-size-default\">M\u00e1te zaj\u00edmav\u00fd projekt? Ozv\u011bte se, pom\u016f\u017eeme...<\/h2>\t\t<\/div>\n\t\t\t\t<\/div>\n\t\t\t\t\t<\/div>\n\t\t<\/div>\n\t\t\t\t<div class=\"elementor-column elementor-col-50 elementor-top-column elementor-element elementor-element-250c3aa\" data-id=\"250c3aa\" data-element_type=\"column\">\n\t\t\t<div class=\"elementor-widget-wrap elementor-element-populated\">\n\t\t\t\t\t\t<div class=\"elementor-element elementor-element-0558406 elementor-align-right elementor-widget elementor-widget-button\" data-id=\"0558406\" data-element_type=\"widget\" data-widget_type=\"button.default\">\n\t\t\t\t<div class=\"elementor-widget-container\">\n\t\t\t\t\t\t\t<div class=\"elementor-button-wrapper\">\n\t\t\t\t\t<a class=\"elementor-button elementor-button-link elementor-size-sm\" href=\"http:\/\/o-design.cz\/sogroup\/kontakty\/\">\n\t\t\t\t\t\t<span class=\"elementor-button-content-wrapper\">\n\t\t\t\t\t\t\t\t\t<span class=\"elementor-button-text\">Kontaktujte n\u00e1s<\/span>\n\t\t\t\t\t<\/span>\n\t\t\t\t\t<\/a>\n\t\t\t\t<\/div>\n\t\t\t\t\t\t<\/div>\n\t\t\t\t<\/div>\n\t\t\t\t\t<\/div>\n\t\t<\/div>\n\t\t\t\t\t<\/div>\n\t\t<\/section>\n\t\t\t\t<\/div>\n\t\t","protected":false},"excerpt":{"rendered":"<p>Vyr\u00e1b\u00edme, um\u00edme Technick\u00e9 v\u00e1lce Vyr\u00e1b\u00edme technick\u00e9 v\u00e1lce pro r\u016fzn\u00e9 pr\u016fmyslov\u00e9 odv\u011btv\u00ed, v \u0161irok\u00e9 \u0161k\u00e1le proveden\u00ed, materi\u00e1l\u016f, povrch\u016f, n\u00e1rok\u016f na prost\u0159ed\u00ed, rychlosti ot\u00e1\u010den\u00ed, [&hellip;]<\/p>\n","protected":false},"author":1,"featured_media":0,"parent":0,"menu_order":0,"comment_status":"closed","ping_status":"closed","template":"page-templates\/page_front-page.php","meta":{"footnotes":""},"class_list":["post-556","page","type-page","status-publish","hentry"],"_links":{"self":[{"href":"http:\/\/o-design.cz\/sogroup\/wp-json\/wp\/v2\/pages\/556","targetHints":{"allow":["GET"]}}],"collection":[{"href":"http:\/\/o-design.cz\/sogroup\/wp-json\/wp\/v2\/pages"}],"about":[{"href":"http:\/\/o-design.cz\/sogroup\/wp-json\/wp\/v2\/types\/page"}],"author":[{"embeddable":true,"href":"http:\/\/o-design.cz\/sogroup\/wp-json\/wp\/v2\/users\/1"}],"replies":[{"embeddable":true,"href":"http:\/\/o-design.cz\/sogroup\/wp-json\/wp\/v2\/comments?post=556"}],"version-history":[{"count":44,"href":"http:\/\/o-design.cz\/sogroup\/wp-json\/wp\/v2\/pages\/556\/revisions"}],"predecessor-version":[{"id":1197,"href":"http:\/\/o-design.cz\/sogroup\/wp-json\/wp\/v2\/pages\/556\/revisions\/1197"}],"wp:attachment":[{"href":"http:\/\/o-design.cz\/sogroup\/wp-json\/wp\/v2\/media?parent=556"}],"curies":[{"name":"wp","href":"https:\/\/api.w.org\/{rel}","templated":true}]}}