{"id":961,"date":"2024-05-24T09:42:44","date_gmt":"2024-05-24T07:42:44","guid":{"rendered":"http:\/\/o-design.cz\/sogroup\/?page_id=961"},"modified":"2024-09-19T10:27:59","modified_gmt":"2024-09-19T08:27:59","slug":"hridele","status":"publish","type":"page","link":"http:\/\/o-design.cz\/sogroup\/hridele\/","title":{"rendered":"H\u0159\u00eddele"},"content":{"rendered":"\t\t<div data-elementor-type=\"wp-page\" data-elementor-id=\"961\" class=\"elementor elementor-961\">\n\t\t\t\t\t\t<section class=\"elementor-section elementor-top-section elementor-element elementor-element-eedafb9 elementor-section-content-middle elementor-section-boxed elementor-section-height-default elementor-section-height-default\" data-id=\"eedafb9\" data-element_type=\"section\">\n\t\t\t\t\t\t<div class=\"elementor-container elementor-column-gap-default\">\n\t\t\t\t\t<div class=\"elementor-column elementor-col-50 elementor-top-column elementor-element elementor-element-571508b\" data-id=\"571508b\" data-element_type=\"column\">\n\t\t\t<div class=\"elementor-widget-wrap elementor-element-populated\">\n\t\t\t\t\t\t<div class=\"elementor-element elementor-element-711b023 elementor-widget elementor-widget-heading\" data-id=\"711b023\" data-element_type=\"widget\" data-widget_type=\"heading.default\">\n\t\t\t\t<div class=\"elementor-widget-container\">\n\t\t\t<h2 class=\"elementor-heading-title elementor-size-default\">H\u0159\u00eddele<\/h2>\t\t<\/div>\n\t\t\t\t<\/div>\n\t\t\t\t<div class=\"elementor-element elementor-element-1cf0f1c elementor-widget elementor-widget-text-editor\" data-id=\"1cf0f1c\" data-element_type=\"widget\" data-widget_type=\"text-editor.default\">\n\t\t\t\t<div class=\"elementor-widget-container\">\n\t\t\t\t\t\t\t<p>Na\u0161e firma se posledn\u00ed roky specializuje na v\u00fdroby p\u0159esn\u00fdch h\u0159\u00eddel\u00ed.\u00a0 Z tohoto d\u016fvodu prob\u011bhla investice do roz\u0161\u00ed\u0159en\u00ed strojov\u00e9ho parku. M\u00e1me modern\u00ed CNC brus\u00edrnu s vybaven\u00edm pro brou\u0161en\u00ed velmi p\u0159esn\u00fdch h\u0159\u00eddel\u00ed.<\/p>\t\t\t\t\t\t<\/div>\n\t\t\t\t<\/div>\n\t\t\t\t\t<\/div>\n\t\t<\/div>\n\t\t\t\t<div class=\"elementor-column elementor-col-50 elementor-top-column elementor-element elementor-element-bc4d4c0\" data-id=\"bc4d4c0\" data-element_type=\"column\">\n\t\t\t<div class=\"elementor-widget-wrap elementor-element-populated\">\n\t\t\t\t\t\t<div class=\"elementor-element elementor-element-48dd569 elementor-widget elementor-widget-image\" data-id=\"48dd569\" data-element_type=\"widget\" data-widget_type=\"image.default\">\n\t\t\t\t<div class=\"elementor-widget-container\">\n\t\t\t\t\t\t\t\t\t\t\t\t\t<img decoding=\"async\" src=\"http:\/\/o-design.cz\/sogroup\/wp-content\/uploads\/2021\/11\/Rectangle-604-2-1.jpg\" title=\"\" alt=\"\" loading=\"lazy\" \/>\t\t\t\t\t\t\t\t\t\t\t\t\t<\/div>\n\t\t\t\t<\/div>\n\t\t\t\t\t<\/div>\n\t\t<\/div>\n\t\t\t\t\t<\/div>\n\t\t<\/section>\n\t\t\t\t<section class=\"elementor-section elementor-top-section elementor-element elementor-element-cf5ff21 elementor-section-content-middle elementor-section-boxed elementor-section-height-default elementor-section-height-default\" data-id=\"cf5ff21\" data-element_type=\"section\" data-settings=\"{&quot;background_background&quot;:&quot;classic&quot;}\">\n\t\t\t\t\t\t<div class=\"elementor-container elementor-column-gap-default\">\n\t\t\t\t\t<div class=\"elementor-column elementor-col-50 elementor-top-column elementor-element elementor-element-c35989b\" data-id=\"c35989b\" data-element_type=\"column\">\n\t\t\t<div class=\"elementor-widget-wrap elementor-element-populated\">\n\t\t\t\t\t\t<div class=\"elementor-element elementor-element-33e3b28 elementor-widget__width-initial elementor-widget elementor-widget-image\" data-id=\"33e3b28\" data-element_type=\"widget\" data-widget_type=\"image.default\">\n\t\t\t\t<div class=\"elementor-widget-container\">\n\t\t\t\t\t\t\t\t\t\t\t\t\t<img fetchpriority=\"high\" decoding=\"async\" width=\"600\" height=\"753\" src=\"http:\/\/o-design.cz\/sogroup\/wp-content\/uploads\/2024\/09\/presne-hridele.png\" class=\"attachment-large size-large wp-image-1173\" alt=\"\" srcset=\"http:\/\/o-design.cz\/sogroup\/wp-content\/uploads\/2024\/09\/presne-hridele.png 600w, http:\/\/o-design.cz\/sogroup\/wp-content\/uploads\/2024\/09\/presne-hridele-239x300.png 239w, http:\/\/o-design.cz\/sogroup\/wp-content\/uploads\/2024\/09\/presne-hridele-230x289.png 230w, http:\/\/o-design.cz\/sogroup\/wp-content\/uploads\/2024\/09\/presne-hridele-350x439.png 350w, http:\/\/o-design.cz\/sogroup\/wp-content\/uploads\/2024\/09\/presne-hridele-480x602.png 480w\" sizes=\"(max-width: 600px) 100vw, 600px\" \/>\t\t\t\t\t\t\t\t\t\t\t\t\t<\/div>\n\t\t\t\t<\/div>\n\t\t\t\t\t<\/div>\n\t\t<\/div>\n\t\t\t\t<div class=\"elementor-column elementor-col-50 elementor-top-column elementor-element elementor-element-9d8f192\" data-id=\"9d8f192\" data-element_type=\"column\">\n\t\t\t<div class=\"elementor-widget-wrap elementor-element-populated\">\n\t\t\t\t\t\t<div class=\"elementor-element elementor-element-a2ff96d elementor-widget elementor-widget-heading\" data-id=\"a2ff96d\" data-element_type=\"widget\" data-widget_type=\"heading.default\">\n\t\t\t\t<div class=\"elementor-widget-container\">\n\t\t\t<h2 class=\"elementor-heading-title elementor-size-default\">V\u00fdrobn\u00ed mo\u017enosti h\u0159\u00eddel\u00ed:<\/h2>\t\t<\/div>\n\t\t\t\t<\/div>\n\t\t\t\t<div class=\"elementor-element elementor-element-219c930 elementor-widget elementor-widget-heading\" data-id=\"219c930\" data-element_type=\"widget\" data-widget_type=\"heading.default\">\n\t\t\t\t<div class=\"elementor-widget-container\">\n\t\t\t<h6 class=\"elementor-heading-title elementor-size-default\">CNC soustru\u017een\u00ed<\/h6>\t\t<\/div>\n\t\t\t\t<\/div>\n\t\t\t\t<div class=\"elementor-element elementor-element-8c0b95d elementor-widget elementor-widget-text-editor\" data-id=\"8c0b95d\" data-element_type=\"widget\" data-widget_type=\"text-editor.default\">\n\t\t\t\t<div class=\"elementor-widget-container\">\n\t\t\t\t\t\t\t<ul>\n \t<li>do d\u00e9lky 4500 mm<\/li>\n \t<li>do pr\u016fm\u011bru 550 mm<\/li>\n \t<li>do v\u00e1hy 2 tun<\/li>\n \t<li>Do p\u0159esnosti h6 p\u0159i Ra1,6<\/li>\n<\/ul>\t\t\t\t\t\t<\/div>\n\t\t\t\t<\/div>\n\t\t\t\t<div class=\"elementor-element elementor-element-be0b9c3 elementor-widget elementor-widget-heading\" data-id=\"be0b9c3\" data-element_type=\"widget\" data-widget_type=\"heading.default\">\n\t\t\t\t<div class=\"elementor-widget-container\">\n\t\t\t<h6 class=\"elementor-heading-title elementor-size-default\">CNC brou\u0161en\u00ed<\/h6>\t\t<\/div>\n\t\t\t\t<\/div>\n\t\t\t\t<div class=\"elementor-element elementor-element-7aa6365 elementor-widget elementor-widget-text-editor\" data-id=\"7aa6365\" data-element_type=\"widget\" data-widget_type=\"text-editor.default\">\n\t\t\t\t<div class=\"elementor-widget-container\">\n\t\t\t\t\t\t\t<ul>\n \t<li>do d\u00e9lky 3000mm<\/li>\n \t<li>do pr\u016fm\u011bru 630mm<\/li>\n \t<li>do v\u00e1hy 1 tuna<\/li>\n<\/ul>\t\t\t\t\t\t<\/div>\n\t\t\t\t<\/div>\n\t\t\t\t<div class=\"elementor-element elementor-element-23b2933 elementor-widget elementor-widget-heading\" data-id=\"23b2933\" data-element_type=\"widget\" data-widget_type=\"heading.default\">\n\t\t\t\t<div class=\"elementor-widget-container\">\n\t\t\t<h6 class=\"elementor-heading-title elementor-size-default\">CNC fr\u00e9zov\u00e1n\u00ed<\/h6>\t\t<\/div>\n\t\t\t\t<\/div>\n\t\t\t\t<div class=\"elementor-element elementor-element-0f3bcf5 elementor-widget elementor-widget-text-editor\" data-id=\"0f3bcf5\" data-element_type=\"widget\" data-widget_type=\"text-editor.default\">\n\t\t\t\t<div class=\"elementor-widget-container\">\n\t\t\t\t\t\t\t<ul><li>dr\u00e1\u017eky pro pero, plo\u0161ky, \u010deln\u00ed otvory a z\u00e1vity<\/li><li>do d\u00e9lky 4000mm<\/li><\/ul>\t\t\t\t\t\t<\/div>\n\t\t\t\t<\/div>\n\t\t\t\t\t<\/div>\n\t\t<\/div>\n\t\t\t\t\t<\/div>\n\t\t<\/section>\n\t\t\t\t<section class=\"elementor-section elementor-top-section elementor-element elementor-element-aa357ca elementor-section-boxed elementor-section-height-default elementor-section-height-default\" data-id=\"aa357ca\" data-element_type=\"section\">\n\t\t\t\t\t\t<div class=\"elementor-container elementor-column-gap-default\">\n\t\t\t\t\t<div class=\"elementor-column elementor-col-100 elementor-top-column elementor-element elementor-element-50a14cd\" data-id=\"50a14cd\" data-element_type=\"column\">\n\t\t\t<div class=\"elementor-widget-wrap elementor-element-populated\">\n\t\t\t\t\t\t<section class=\"elementor-section elementor-inner-section elementor-element elementor-element-fc4bb31 elementor-section-boxed elementor-section-height-default elementor-section-height-default\" data-id=\"fc4bb31\" data-element_type=\"section\">\n\t\t\t\t\t\t<div class=\"elementor-container elementor-column-gap-extended\">\n\t\t\t\t\t<div class=\"elementor-column elementor-col-50 elementor-inner-column elementor-element elementor-element-936216a\" data-id=\"936216a\" data-element_type=\"column\">\n\t\t\t<div class=\"elementor-widget-wrap elementor-element-populated\">\n\t\t\t\t\t\t<div class=\"elementor-element elementor-element-28f121b elementor-widget elementor-widget-heading\" data-id=\"28f121b\" data-element_type=\"widget\" data-widget_type=\"heading.default\">\n\t\t\t\t<div class=\"elementor-widget-container\">\n\t\t\t<h4 class=\"elementor-heading-title elementor-size-default\">Repase h\u0159\u00eddel\u00ed<\/h4>\t\t<\/div>\n\t\t\t\t<\/div>\n\t\t\t\t<div class=\"elementor-element elementor-element-518262e elementor-widget elementor-widget-text-editor\" data-id=\"518262e\" data-element_type=\"widget\" data-widget_type=\"text-editor.default\">\n\t\t\t\t<div class=\"elementor-widget-container\">\n\t\t\t\t\t\t\t<p>Pro na\u0161e z\u00e1kazn\u00edky zaji\u0161\u0165ujeme i opravy h\u0159\u00eddel\u00ed a to p\u0159ev\u00e1\u017en\u011b z v\u00fdrobn\u00edch linek.<\/p><p>H\u0159\u00eddel jsme schopni demontovat, prov\u00e9st n\u00e1vrh opravy a pop\u0159\u00edpad\u011b prov\u00e9st i n\u00e1slednou mont\u00e1\u017e.<\/p>\t\t\t\t\t\t<\/div>\n\t\t\t\t<\/div>\n\t\t\t\t<div class=\"elementor-element elementor-element-270f821 elementor-widget elementor-widget-heading\" data-id=\"270f821\" data-element_type=\"widget\" data-widget_type=\"heading.default\">\n\t\t\t\t<div class=\"elementor-widget-container\">\n\t\t\t<h4 class=\"elementor-heading-title elementor-size-default\">Excentrick\u00e9 h\u0159\u00eddele<\/h4>\t\t<\/div>\n\t\t\t\t<\/div>\n\t\t\t\t<div class=\"elementor-element elementor-element-705fb94 elementor-widget elementor-widget-text-editor\" data-id=\"705fb94\" data-element_type=\"widget\" data-widget_type=\"text-editor.default\">\n\t\t\t\t<div class=\"elementor-widget-container\">\n\t\t\t\t\t\t\t<p>Od roku 2018 vyr\u00e1b\u00edme i speci\u00e1ln\u00ed excentrick\u00e9 h\u0159\u00eddele, kter\u00e9 maj\u00ed vysok\u00e9 n\u00e1roky na p\u0159esnost, z d\u016fvod\u016f um\u00edst\u011bn\u00ed v p\u0159evodov\u00fdch sk\u0159\u00edn\u00edch.<\/p>\t\t\t\t\t\t<\/div>\n\t\t\t\t<\/div>\n\t\t\t\t<div class=\"elementor-element elementor-element-21ac23a elementor-widget elementor-widget-heading\" data-id=\"21ac23a\" data-element_type=\"widget\" data-widget_type=\"heading.default\">\n\t\t\t\t<div class=\"elementor-widget-container\">\n\t\t\t<h4 class=\"elementor-heading-title elementor-size-default\">Povrchov\u00e9 \u00fapravy h\u0159\u00eddel\u00ed<\/h4>\t\t<\/div>\n\t\t\t\t<\/div>\n\t\t\t\t<div class=\"elementor-element elementor-element-745bdcd elementor-widget elementor-widget-text-editor\" data-id=\"745bdcd\" data-element_type=\"widget\" data-widget_type=\"text-editor.default\">\n\t\t\t\t<div class=\"elementor-widget-container\">\n\t\t\t\t\t\t\t<p>Pro z\u00e1kazn\u00edky zaji\u0161\u0165ujeme ve\u0161ker\u00e9 dostupn\u00e9 povrchov\u00e9 \u00fapravy h\u0159\u00eddel\u00ed a to p\u0159edev\u0161\u00edm chromov\u00e1n\u00ed.<\/p><p>Z t\u011bchto d\u016fvod\u016f jsme po\u0159\u00eddily m\u011b\u0159idlo na tlou\u0161\u0165ku chromovan\u00e9 vrstvy.<\/p>\t\t\t\t\t\t<\/div>\n\t\t\t\t<\/div>\n\t\t\t\t<div class=\"elementor-element elementor-element-9cc6869 elementor-widget elementor-widget-heading\" data-id=\"9cc6869\" data-element_type=\"widget\" data-widget_type=\"heading.default\">\n\t\t\t\t<div class=\"elementor-widget-container\">\n\t\t\t<h4 class=\"elementor-heading-title elementor-size-default\">V\u00fdstupn\u00ed protokol<\/h4>\t\t<\/div>\n\t\t\t\t<\/div>\n\t\t\t\t<div class=\"elementor-element elementor-element-4a44e2d elementor-widget elementor-widget-text-editor\" data-id=\"4a44e2d\" data-element_type=\"widget\" data-widget_type=\"text-editor.default\">\n\t\t\t\t<div class=\"elementor-widget-container\">\n\t\t\t\t\t\t\t<p>Podle po\u017eadavk\u016f z\u00e1kazn\u00edka, vystavujeme ke ka\u017ed\u00e9 h\u0159\u00eddeli v\u00fdstupn\u00ed m\u011b\u0159\u00edc\u00ed protokol.<\/p><p>Je i mo\u017enost ud\u011blat p\u0159ej\u00edmku va\u0161\u00ed kontrolou u n\u00e1s ve v\u00fdrob\u011b.<\/p>\t\t\t\t\t\t<\/div>\n\t\t\t\t<\/div>\n\t\t\t\t<div class=\"elementor-element elementor-element-0e1ee1d elementor-widget elementor-widget-heading\" data-id=\"0e1ee1d\" data-element_type=\"widget\" data-widget_type=\"heading.default\">\n\t\t\t\t<div class=\"elementor-widget-container\">\n\t\t\t<h4 class=\"elementor-heading-title elementor-size-default\">Ra\u017een\u00ed a zna\u010den\u00ed\n<\/h4>\t\t<\/div>\n\t\t\t\t<\/div>\n\t\t\t\t<div class=\"elementor-element elementor-element-170f95f elementor-widget elementor-widget-text-editor\" data-id=\"170f95f\" data-element_type=\"widget\" data-widget_type=\"text-editor.default\">\n\t\t\t\t<div class=\"elementor-widget-container\">\n\t\t\t\t\t\t\t<p>Ra\u017een\u00ed a zna\u010den\u00ed prov\u00e1d\u00edme z v\u011bt\u0161\u00ed \u010d\u00e1sti na\u0161im raz\u00edc\u00edm p\u0159\u00edstrojem, kter\u00fd je schopn\u00fd razit jakoukoliv velikost a styl p\u00edsma, loga, \u010di jin\u00e9 speci\u00e1ln\u00ed zna\u010dky a to v\u010detn\u011b ra\u017een\u00ed do r\u00e1diusu (na \u010delo h\u0159\u00eddele).<\/p>\t\t\t\t\t\t<\/div>\n\t\t\t\t<\/div>\n\t\t\t\t\t<\/div>\n\t\t<\/div>\n\t\t\t\t<div class=\"elementor-column elementor-col-50 elementor-inner-column elementor-element elementor-element-2abd428\" data-id=\"2abd428\" data-element_type=\"column\">\n\t\t\t<div class=\"elementor-widget-wrap\">\n\t\t\t\t\t\t\t<\/div>\n\t\t<\/div>\n\t\t\t\t\t<\/div>\n\t\t<\/section>\n\t\t\t\t\t<\/div>\n\t\t<\/div>\n\t\t\t\t\t<\/div>\n\t\t<\/section>\n\t\t\t\t<section class=\"elementor-section elementor-top-section elementor-element elementor-element-a6e2ef0 elementor-section-content-middle elementor-section-boxed elementor-section-height-default elementor-section-height-default\" data-id=\"a6e2ef0\" data-element_type=\"section\" data-settings=\"{&quot;background_background&quot;:&quot;classic&quot;}\">\n\t\t\t\t\t\t<div class=\"elementor-container elementor-column-gap-default\">\n\t\t\t\t\t<div class=\"elementor-column elementor-col-50 elementor-top-column elementor-element elementor-element-ba250ca\" data-id=\"ba250ca\" data-element_type=\"column\">\n\t\t\t<div class=\"elementor-widget-wrap elementor-element-populated\">\n\t\t\t\t\t\t<div class=\"elementor-element elementor-element-9903d1b elementor-widget elementor-widget-heading\" data-id=\"9903d1b\" data-element_type=\"widget\" data-widget_type=\"heading.default\">\n\t\t\t\t<div class=\"elementor-widget-container\">\n\t\t\t<h2 class=\"elementor-heading-title elementor-size-default\">M\u00e1te zaj\u00edmav\u00fd projekt? Ozv\u011bte se, pom\u016f\u017eeme...<\/h2>\t\t<\/div>\n\t\t\t\t<\/div>\n\t\t\t\t\t<\/div>\n\t\t<\/div>\n\t\t\t\t<div class=\"elementor-column elementor-col-50 elementor-top-column elementor-element elementor-element-7374947\" data-id=\"7374947\" data-element_type=\"column\">\n\t\t\t<div class=\"elementor-widget-wrap elementor-element-populated\">\n\t\t\t\t\t\t<div class=\"elementor-element elementor-element-34eded5 elementor-align-right elementor-widget elementor-widget-button\" data-id=\"34eded5\" data-element_type=\"widget\" data-widget_type=\"button.default\">\n\t\t\t\t<div class=\"elementor-widget-container\">\n\t\t\t\t\t\t\t<div class=\"elementor-button-wrapper\">\n\t\t\t\t\t<a class=\"elementor-button elementor-button-link elementor-size-sm\" href=\"http:\/\/o-design.cz\/sogroup\/kontakty\/\">\n\t\t\t\t\t\t<span class=\"elementor-button-content-wrapper\">\n\t\t\t\t\t\t\t\t\t<span class=\"elementor-button-text\">Kontaktujte n\u00e1s<\/span>\n\t\t\t\t\t<\/span>\n\t\t\t\t\t<\/a>\n\t\t\t\t<\/div>\n\t\t\t\t\t\t<\/div>\n\t\t\t\t<\/div>\n\t\t\t\t\t<\/div>\n\t\t<\/div>\n\t\t\t\t\t<\/div>\n\t\t<\/section>\n\t\t\t\t<\/div>\n\t\t","protected":false},"excerpt":{"rendered":"<p>H\u0159\u00eddele Na\u0161e firma se posledn\u00ed roky specializuje na v\u00fdroby p\u0159esn\u00fdch h\u0159\u00eddel\u00ed.\u00a0 Z tohoto d\u016fvodu prob\u011bhla investice do roz\u0161\u00ed\u0159en\u00ed strojov\u00e9ho parku. M\u00e1me modern\u00ed [&hellip;]<\/p>\n","protected":false},"author":1,"featured_media":0,"parent":0,"menu_order":0,"comment_status":"closed","ping_status":"closed","template":"page-templates\/page_front-page.php","meta":{"footnotes":""},"class_list":["post-961","page","type-page","status-publish","hentry"],"_links":{"self":[{"href":"http:\/\/o-design.cz\/sogroup\/wp-json\/wp\/v2\/pages\/961","targetHints":{"allow":["GET"]}}],"collection":[{"href":"http:\/\/o-design.cz\/sogroup\/wp-json\/wp\/v2\/pages"}],"about":[{"href":"http:\/\/o-design.cz\/sogroup\/wp-json\/wp\/v2\/types\/page"}],"author":[{"embeddable":true,"href":"http:\/\/o-design.cz\/sogroup\/wp-json\/wp\/v2\/users\/1"}],"replies":[{"embeddable":true,"href":"http:\/\/o-design.cz\/sogroup\/wp-json\/wp\/v2\/comments?post=961"}],"version-history":[{"count":10,"href":"http:\/\/o-design.cz\/sogroup\/wp-json\/wp\/v2\/pages\/961\/revisions"}],"predecessor-version":[{"id":1194,"href":"http:\/\/o-design.cz\/sogroup\/wp-json\/wp\/v2\/pages\/961\/revisions\/1194"}],"wp:attachment":[{"href":"http:\/\/o-design.cz\/sogroup\/wp-json\/wp\/v2\/media?parent=961"}],"curies":[{"name":"wp","href":"https:\/\/api.w.org\/{rel}","templated":true}]}}